{"id":323485,"date":"2024-04-27T13:21:17","date_gmt":"2024-04-27T11:21:17","guid":{"rendered":"https:\/\/www.pomoline.com\/web-pruebas\/producto\/tirador-mueble-madera-haya-natural-con-niquel-mate-para-armario-cocina\/"},"modified":"2025-03-13T22:31:53","modified_gmt":"2025-03-13T21:31:53","slug":"poignee-de-meuble-bois-design-entraxe-hetre-naturel-noir-mat","status":"publish","type":"product","link":"https:\/\/www.pomoline.com\/fr\/produit\/poignee-de-meuble-bois-design-entraxe-hetre-naturel-noir-mat\/","title":{"rendered":"POIGN\u00c9E DE MEUBLE BOIS DESIGN ENTRAXE HETRE NATUREL-NOIR MAT"},"content":{"rendered":"<p>Boutons de meubles en bois naturel avec pi\u00e8ce en m\u00e9tal qui donnent un tr\u00e8s bel air aux tiroirs et aux portes. Le bois est certifi\u00e9 et provient de pplatations contr\u00f4l\u00e9es et durables. Ce mod\u00e8le particulier est le MOD 416 poign\u00e9e de meuble bois design entrax<\/p>\n","protected":false},"excerpt":{"rendered":"<p>Boutons de meubles en bois naturel avec pi\u00e8ce en m\u00e9tal qui donnent un tr\u00e8s bel air aux tiroirs et aux portes. Le bois est certifi\u00e9 et provient de pplatations contr\u00f4l\u00e9es et durables. Ce mod\u00e8le particulier est le MOD 416 poign\u00e9e de meuble bois design entrax<\/p>\n","protected":false},"featured_media":408847,"template":"","meta":{"_joinchat":[]},"product_brand":[],"product_cat":[5189,991],"product_tag":[],"class_list":{"0":"post-323485","1":"product","2":"type-product","3":"status-publish","4":"has-post-thumbnail","6":"product_cat-boutons-et-poignees-tiroir-meuble","7":"product_cat-poignees-et-bouton-en-bois-pou-meuble","8":"pa_color-hetre-naturel-poignees-boutons-pieds-meuble-portamanteaux-mur-porte","9":"pa_color-miel-de-hetre-poignees-boutons-pieds-meuble-portamanteaux-mur-porte","10":"pa_color-noyer-poignees-boutons-pieds-meuble-portamanteaux-mur-porte","11":"pa_distancia-agujeros-tornillos-poignees-128-mm-entre-trous-de-vis-tiroir-porte-meuble","12":"pa_tendencia-poignees-boutons-en-bois-pour-meuble","14":"first","15":"instock","16":"taxable","17":"shipping-taxable","18":"purchasable","19":"product-type-variable","20":"has-default-attributes","21":"wvs-archive-product-wrapper"},"_links":{"self":[{"href":"https:\/\/www.pomoline.com\/fr\/wp-json\/wp\/v2\/product\/323485","targetHints":{"allow":["GET"]}}],"collection":[{"href":"https:\/\/www.pomoline.com\/fr\/wp-json\/wp\/v2\/product"}],"about":[{"href":"https:\/\/www.pomoline.com\/fr\/wp-json\/wp\/v2\/types\/product"}],"wp:featuredmedia":[{"embeddable":true,"href":"https:\/\/www.pomoline.com\/fr\/wp-json\/wp\/v2\/media\/408847"}],"wp:attachment":[{"href":"https:\/\/www.pomoline.com\/fr\/wp-json\/wp\/v2\/media?parent=323485"}],"wp:term":[{"taxonomy":"product_brand","embeddable":true,"href":"https:\/\/www.pomoline.com\/fr\/wp-json\/wp\/v2\/product_brand?post=323485"},{"taxonomy":"product_cat","embeddable":true,"href":"https:\/\/www.pomoline.com\/fr\/wp-json\/wp\/v2\/product_cat?post=323485"},{"taxonomy":"product_tag","embeddable":true,"href":"https:\/\/www.pomoline.com\/fr\/wp-json\/wp\/v2\/product_tag?post=323485"}],"curies":[{"name":"wp","href":"https:\/\/api.w.org\/{rel}","templated":true}]}}