{"id":323493,"date":"2024-04-27T13:21:28","date_gmt":"2024-04-27T11:21:28","guid":{"rendered":"https:\/\/www.pomoline.com\/web-pruebas\/producto\/tirador-asa-madera-haya-laca-natural-para-cajon-cocina-96mm\/"},"modified":"2025-03-13T22:31:18","modified_gmt":"2025-03-13T21:31:18","slug":"poignee-de-meuble-hetre-naturel-96mm-en-bois","status":"publish","type":"product","link":"https:\/\/www.pomoline.com\/fr\/produit\/poignee-de-meuble-hetre-naturel-96mm-en-bois\/","title":{"rendered":"POIGN\u00c9E DE MEUBLE HETRE NATUREL 96MM EN BOIS"},"content":{"rendered":"<p>Boutons de meubles en bois naturel qui donnent aux tiroirs et aux portes un tr\u00e8s bel air. Le bois est certifi\u00e9 et provient de pplatations contr\u00f4l\u00e9es et durables. Ce mod\u00e8le particulier est le MOD 412 poign\u00e9e de meuble hetre naturel 96mm en bois<\/p>\n","protected":false},"excerpt":{"rendered":"<p>Boutons de meubles en bois naturel qui donnent aux tiroirs et aux portes un tr\u00e8s bel air. Le bois est certifi\u00e9 et provient de pplatations contr\u00f4l\u00e9es et durables. Ce mod\u00e8le particulier est le MOD 412 poign\u00e9e de meuble hetre naturel 96mm en bois<\/p>\n","protected":false},"featured_media":408839,"template":"","meta":{"_joinchat":[]},"product_brand":[],"product_cat":[5189,991],"product_tag":[],"class_list":{"0":"post-323493","1":"product","2":"type-product","3":"status-publish","4":"has-post-thumbnail","6":"product_cat-boutons-et-poignees-tiroir-meuble","7":"product_cat-poignees-et-bouton-en-bois-pou-meuble","8":"pa_color-hetre-naturel-poignees-boutons-pieds-meuble-portamanteaux-mur-porte","9":"pa_color-chene-poignees-boutons-pieds-meuble-portamanteaux-mur-porte","10":"pa_color-miel-de-hetre-poignees-boutons-pieds-meuble-portamanteaux-mur-porte","11":"pa_color-noyer-poignees-boutons-pieds-meuble-portamanteaux-mur-porte","12":"pa_distancia-agujeros-tornillos-poignees-96-mm-entre-trous-de-vis-tiroir-porte-meuble","13":"pa_tendencia-poignees-boutons-en-bois-pour-meuble","15":"first","16":"instock","17":"taxable","18":"shipping-taxable","19":"purchasable","20":"product-type-variable","21":"has-default-attributes","22":"wvs-archive-product-wrapper"},"_links":{"self":[{"href":"https:\/\/www.pomoline.com\/fr\/wp-json\/wp\/v2\/product\/323493","targetHints":{"allow":["GET"]}}],"collection":[{"href":"https:\/\/www.pomoline.com\/fr\/wp-json\/wp\/v2\/product"}],"about":[{"href":"https:\/\/www.pomoline.com\/fr\/wp-json\/wp\/v2\/types\/product"}],"wp:featuredmedia":[{"embeddable":true,"href":"https:\/\/www.pomoline.com\/fr\/wp-json\/wp\/v2\/media\/408839"}],"wp:attachment":[{"href":"https:\/\/www.pomoline.com\/fr\/wp-json\/wp\/v2\/media?parent=323493"}],"wp:term":[{"taxonomy":"product_brand","embeddable":true,"href":"https:\/\/www.pomoline.com\/fr\/wp-json\/wp\/v2\/product_brand?post=323493"},{"taxonomy":"product_cat","embeddable":true,"href":"https:\/\/www.pomoline.com\/fr\/wp-json\/wp\/v2\/product_cat?post=323493"},{"taxonomy":"product_tag","embeddable":true,"href":"https:\/\/www.pomoline.com\/fr\/wp-json\/wp\/v2\/product_tag?post=323493"}],"curies":[{"name":"wp","href":"https:\/\/api.w.org\/{rel}","templated":true}]}}