{"id":323505,"date":"2024-04-27T13:21:49","date_gmt":"2024-04-27T11:21:49","guid":{"rendered":"https:\/\/www.pomoline.com\/web-pruebas\/producto\/pomo-madera-haya-laca-miel-tiradore-mueble-ceramica-artesanal\/"},"modified":"2025-03-13T22:30:26","modified_gmt":"2025-03-13T21:30:26","slug":"bouton-bois-hetre-laque-miel-poignee-meuble-ceramique-artisanat","status":"publish","type":"product","link":"https:\/\/www.pomoline.com\/fr\/produit\/bouton-bois-hetre-laque-miel-poignee-meuble-ceramique-artisanat\/","title":{"rendered":"BOUTON BOIS H\u00caTRE LAQUE MIEL"},"content":{"rendered":"<p>Les boutons de meubles en bois naturel qui donnent les tiroirs et les portes, en forme de champignon offrent diff\u00e9rentes finitions. \u00e9conomique peut \u00eatre plac\u00e9 dans n&rsquo;importe quel environnement d\u00e9coratif. Le bois est certifi\u00e9 et provient de plantations con<\/p>\n","protected":false},"excerpt":{"rendered":"<p>Les boutons de meubles en bois naturel qui donnent les tiroirs et les portes, en forme de champignon offrent diff\u00e9rentes finitions. \u00e9conomique peut \u00eatre plac\u00e9 dans n&rsquo;importe quel environnement d\u00e9coratif. Le bois est certifi\u00e9 et provient de plantations con<\/p>\n","protected":false},"featured_media":408827,"template":"","meta":{"_joinchat":[]},"product_brand":[],"product_cat":[5189,991],"product_tag":[],"class_list":{"0":"post-323505","1":"product","2":"type-product","3":"status-publish","4":"has-post-thumbnail","6":"product_cat-boutons-et-poignees-tiroir-meuble","7":"product_cat-poignees-et-bouton-en-bois-pou-meuble","8":"pa_color-marron-poignees-boutons-pieds-meuble-portamanteaux-mur-porte","9":"pa_color-noyer-poignees-boutons-pieds-meuble-portamanteaux-mur-porte","10":"pa_tendencia-poignees-boutons-en-bois-pour-meuble","12":"first","13":"instock","14":"taxable","15":"shipping-taxable","16":"purchasable","17":"product-type-variable","18":"has-default-attributes","19":"wvs-archive-product-wrapper"},"_links":{"self":[{"href":"https:\/\/www.pomoline.com\/fr\/wp-json\/wp\/v2\/product\/323505","targetHints":{"allow":["GET"]}}],"collection":[{"href":"https:\/\/www.pomoline.com\/fr\/wp-json\/wp\/v2\/product"}],"about":[{"href":"https:\/\/www.pomoline.com\/fr\/wp-json\/wp\/v2\/types\/product"}],"wp:featuredmedia":[{"embeddable":true,"href":"https:\/\/www.pomoline.com\/fr\/wp-json\/wp\/v2\/media\/408827"}],"wp:attachment":[{"href":"https:\/\/www.pomoline.com\/fr\/wp-json\/wp\/v2\/media?parent=323505"}],"wp:term":[{"taxonomy":"product_brand","embeddable":true,"href":"https:\/\/www.pomoline.com\/fr\/wp-json\/wp\/v2\/product_brand?post=323505"},{"taxonomy":"product_cat","embeddable":true,"href":"https:\/\/www.pomoline.com\/fr\/wp-json\/wp\/v2\/product_cat?post=323505"},{"taxonomy":"product_tag","embeddable":true,"href":"https:\/\/www.pomoline.com\/fr\/wp-json\/wp\/v2\/product_tag?post=323505"}],"curies":[{"name":"wp","href":"https:\/\/api.w.org\/{rel}","templated":true}]}}