{"id":323513,"date":"2024-04-27T13:22:10","date_gmt":"2024-04-27T11:22:10","guid":{"rendered":"https:\/\/www.pomoline.com\/web-pruebas\/producto\/tirador-pomo-de-mueble-madera-pino-crudo-para-armario-cajon\/"},"modified":"2025-03-13T22:29:50","modified_gmt":"2025-03-13T21:29:50","slug":"bouton-de-meuble-pin-brut","status":"publish","type":"product","link":"https:\/\/www.pomoline.com\/fr\/produit\/bouton-de-meuble-pin-brut\/","title":{"rendered":"BOUTON DE MEUBLE PIN BRUT"},"content":{"rendered":"<p>Boutons de meubles en bois naturel qui donnent aux tiroirs et aux portes un tr\u00e8s bel air. Le bois est certifi\u00e9 et provient de pplatations contr\u00f4l\u00e9es et durables. Ce mod\u00e8le particulier est le MOD 402 bouton de meuble pin brut<\/p>\n","protected":false},"excerpt":{"rendered":"<p>Boutons de meubles en bois naturel qui donnent aux tiroirs et aux portes un tr\u00e8s bel air. Le bois est certifi\u00e9 et provient de pplatations contr\u00f4l\u00e9es et durables. Ce mod\u00e8le particulier est le MOD 402 bouton de meuble pin brut<\/p>\n","protected":false},"featured_media":408819,"template":"","meta":{"_joinchat":[]},"product_brand":[],"product_cat":[5189,991],"product_tag":[],"class_list":{"0":"post-323513","1":"product","2":"type-product","3":"status-publish","4":"has-post-thumbnail","6":"product_cat-boutons-et-poignees-tiroir-meuble","7":"product_cat-poignees-et-bouton-en-bois-pou-meuble","8":"pa_color-bois-brut-poignees-boutons-pieds-meuble-portamanteaux-mur-porte","9":"pa_color-pin-naturel-poignees-boutons-pieds-meuble-portamanteaux-mur-porte","10":"pa_tendencia-poignees-boutons-en-bois-pour-meuble","12":"first","13":"instock","14":"taxable","15":"shipping-taxable","16":"purchasable","17":"product-type-variable","18":"has-default-attributes","19":"wvs-archive-product-wrapper"},"_links":{"self":[{"href":"https:\/\/www.pomoline.com\/fr\/wp-json\/wp\/v2\/product\/323513","targetHints":{"allow":["GET"]}}],"collection":[{"href":"https:\/\/www.pomoline.com\/fr\/wp-json\/wp\/v2\/product"}],"about":[{"href":"https:\/\/www.pomoline.com\/fr\/wp-json\/wp\/v2\/types\/product"}],"wp:featuredmedia":[{"embeddable":true,"href":"https:\/\/www.pomoline.com\/fr\/wp-json\/wp\/v2\/media\/408819"}],"wp:attachment":[{"href":"https:\/\/www.pomoline.com\/fr\/wp-json\/wp\/v2\/media?parent=323513"}],"wp:term":[{"taxonomy":"product_brand","embeddable":true,"href":"https:\/\/www.pomoline.com\/fr\/wp-json\/wp\/v2\/product_brand?post=323513"},{"taxonomy":"product_cat","embeddable":true,"href":"https:\/\/www.pomoline.com\/fr\/wp-json\/wp\/v2\/product_cat?post=323513"},{"taxonomy":"product_tag","embeddable":true,"href":"https:\/\/www.pomoline.com\/fr\/wp-json\/wp\/v2\/product_tag?post=323513"}],"curies":[{"name":"wp","href":"https:\/\/api.w.org\/{rel}","templated":true}]}}