{"id":323549,"date":"2024-04-27T13:23:22","date_gmt":"2024-04-27T11:23:22","guid":{"rendered":"https:\/\/www.pomoline.com\/web-pruebas\/producto\/tirador-pomo-porcelana-beige-herrajes-mueble-clasico\/"},"modified":"2025-03-13T22:27:19","modified_gmt":"2025-03-13T21:27:19","slug":"bouton-porcelaine-beige-porte-meuble-classique","status":"publish","type":"product","link":"https:\/\/www.pomoline.com\/fr\/produit\/bouton-porcelaine-beige-porte-meuble-classique\/","title":{"rendered":"BOUTON PORCELAINE BEIGE | PORTE MEUBLE CLASSIQUE"},"content":{"rendered":"<p>Boutons de tiroir de meubles en porcelaine et c\u00e9ramique avec dessin pour meubles classiques et pour enfants. Ce mod\u00e8le sp\u00e9cifique est la poign\u00e9e bouton en porcelaine beige MOD 370 | quincaillerie de meuble classique<\/p>\n","protected":false},"excerpt":{"rendered":"<p>Boutons de tiroir de meubles en porcelaine et c\u00e9ramique avec dessin pour meubles classiques et pour enfants. Ce mod\u00e8le sp\u00e9cifique est la poign\u00e9e bouton en porcelaine beige MOD 370 | quincaillerie de meuble classique<\/p>\n","protected":false},"featured_media":408783,"template":"","meta":{"_joinchat":[]},"product_brand":[],"product_cat":[5189,987],"product_tag":[],"class_list":{"0":"post-323549","1":"product","2":"type-product","3":"status-publish","4":"has-post-thumbnail","6":"product_cat-boutons-et-poignees-tiroir-meuble","7":"product_cat-boutons-en-porcelaine-pour-tiroir-porte-meuble","8":"pa_color-beige-poignees-boutons-pieds-meuble-portamanteaux-mur-porte","9":"pa_tendencia-boutons-en-porcelaine-classique-pour-meuble","11":"first","12":"instock","13":"taxable","14":"shipping-taxable","15":"purchasable","16":"product-type-variable","17":"has-default-attributes","18":"wvs-archive-product-wrapper"},"_links":{"self":[{"href":"https:\/\/www.pomoline.com\/fr\/wp-json\/wp\/v2\/product\/323549","targetHints":{"allow":["GET"]}}],"collection":[{"href":"https:\/\/www.pomoline.com\/fr\/wp-json\/wp\/v2\/product"}],"about":[{"href":"https:\/\/www.pomoline.com\/fr\/wp-json\/wp\/v2\/types\/product"}],"wp:featuredmedia":[{"embeddable":true,"href":"https:\/\/www.pomoline.com\/fr\/wp-json\/wp\/v2\/media\/408783"}],"wp:attachment":[{"href":"https:\/\/www.pomoline.com\/fr\/wp-json\/wp\/v2\/media?parent=323549"}],"wp:term":[{"taxonomy":"product_brand","embeddable":true,"href":"https:\/\/www.pomoline.com\/fr\/wp-json\/wp\/v2\/product_brand?post=323549"},{"taxonomy":"product_cat","embeddable":true,"href":"https:\/\/www.pomoline.com\/fr\/wp-json\/wp\/v2\/product_cat?post=323549"},{"taxonomy":"product_tag","embeddable":true,"href":"https:\/\/www.pomoline.com\/fr\/wp-json\/wp\/v2\/product_tag?post=323549"}],"curies":[{"name":"wp","href":"https:\/\/api.w.org\/{rel}","templated":true}]}}