{"id":323561,"date":"2024-04-27T13:23:46","date_gmt":"2024-04-27T11:23:46","guid":{"rendered":"https:\/\/www.pomoline.com\/web-pruebas\/producto\/pomo-porcelana-tulipan-azul-intenso-tirador-mueble-ceramica-artesanal\/"},"modified":"2025-03-13T22:26:27","modified_gmt":"2025-03-13T21:26:27","slug":"bouton-porcelain-tulipe-bleu-intense-poignee-meuble-ceramique","status":"publish","type":"product","link":"https:\/\/www.pomoline.com\/fr\/produit\/bouton-porcelain-tulipe-bleu-intense-poignee-meuble-ceramique\/","title":{"rendered":"BOUTON PORCELAIN TULIPE BLEU INTENSE | POIGN\u00c9E MEUBLE CERAMIQUE"},"content":{"rendered":"<p>Bouton de meuble en c\u00e9ramique classique peint en forme de tulipe en deux couleurs bleu et marron, arrondi, id\u00e9al pour tout meuble, id\u00e9al pour la cuisine ou la salle de bain, de haute qualit\u00e9 et fabriqu\u00e9 en Europe, il donnera une touche sp\u00e9ciale \u00e0 vos meub<\/p>\n","protected":false},"excerpt":{"rendered":"<p>Bouton de meuble en c\u00e9ramique classique peint en forme de tulipe en deux couleurs bleu et marron, arrondi, id\u00e9al pour tout meuble, id\u00e9al pour la cuisine ou la salle de bain, de haute qualit\u00e9 et fabriqu\u00e9 en Europe, il donnera une touche sp\u00e9ciale \u00e0 vos meub<\/p>\n","protected":false},"featured_media":408771,"template":"","meta":{"_joinchat":[]},"product_brand":[],"product_cat":[5355,5357,995],"product_tag":[],"class_list":{"0":"post-323561","1":"product","2":"type-product","3":"status-publish","4":"has-post-thumbnail","6":"product_cat-ofertas","7":"product_cat-ofertas-fr","8":"product_cat-boutons-meuble-pour-enfants-bebe","9":"pa_color-bleu-poignees-boutons-pieds-meuble-portamanteaux-mur-porte","10":"pa_color-marron-poignees-boutons-pieds-meuble-portamanteaux-mur-porte","11":"pa_tendencia-boutons-en-porcelaine-classique-pour-meuble","13":"first","14":"instock","15":"sale","16":"taxable","17":"shipping-taxable","18":"purchasable","19":"product-type-variable","20":"has-default-attributes","21":"wvs-archive-product-wrapper"},"_links":{"self":[{"href":"https:\/\/www.pomoline.com\/fr\/wp-json\/wp\/v2\/product\/323561","targetHints":{"allow":["GET"]}}],"collection":[{"href":"https:\/\/www.pomoline.com\/fr\/wp-json\/wp\/v2\/product"}],"about":[{"href":"https:\/\/www.pomoline.com\/fr\/wp-json\/wp\/v2\/types\/product"}],"wp:featuredmedia":[{"embeddable":true,"href":"https:\/\/www.pomoline.com\/fr\/wp-json\/wp\/v2\/media\/408771"}],"wp:attachment":[{"href":"https:\/\/www.pomoline.com\/fr\/wp-json\/wp\/v2\/media?parent=323561"}],"wp:term":[{"taxonomy":"product_brand","embeddable":true,"href":"https:\/\/www.pomoline.com\/fr\/wp-json\/wp\/v2\/product_brand?post=323561"},{"taxonomy":"product_cat","embeddable":true,"href":"https:\/\/www.pomoline.com\/fr\/wp-json\/wp\/v2\/product_cat?post=323561"},{"taxonomy":"product_tag","embeddable":true,"href":"https:\/\/www.pomoline.com\/fr\/wp-json\/wp\/v2\/product_tag?post=323561"}],"curies":[{"name":"wp","href":"https:\/\/api.w.org\/{rel}","templated":true}]}}