{"id":323565,"date":"2024-04-27T13:23:53","date_gmt":"2024-04-27T11:23:53","guid":{"rendered":"https:\/\/www.pomoline.com\/web-pruebas\/producto\/tirador-pomo-de-mueble-flor-azul-porcelana-blanca-bronce-para-cajonera\/"},"modified":"2025-03-13T22:26:11","modified_gmt":"2025-03-13T21:26:11","slug":"poignee-porcelaine-meuble-rustique-entraxe-fleur-bleu-128mm","status":"publish","type":"product","link":"https:\/\/www.pomoline.com\/fr\/produit\/poignee-porcelaine-meuble-rustique-entraxe-fleur-bleu-128mm\/","title":{"rendered":"POIGN\u00c9E PORCELAINE MEUBLE RUSTIQUE ENTRAXE FLEUR BLEU 128MM"},"content":{"rendered":"<p>Poign\u00e9es classiques en porcelaine et c\u00e9ramique pour meubles rustiques vintage. Ce sont des boutons tr\u00e8s \u00e9l\u00e9gants pour cette atmosph\u00e8re exclusive des villas. Ce mod\u00e8le sp\u00e9cifique est MOD 334 bouton de meuble fleur bleue poign\u00e9e bronze porcelaine blanche po<\/p>\n","protected":false},"excerpt":{"rendered":"<p>Poign\u00e9es classiques en porcelaine et c\u00e9ramique pour meubles rustiques vintage. Ce sont des boutons tr\u00e8s \u00e9l\u00e9gants pour cette atmosph\u00e8re exclusive des villas. Ce mod\u00e8le sp\u00e9cifique est MOD 334 bouton de meuble fleur bleue poign\u00e9e bronze porcelaine blanche po<\/p>\n","protected":false},"featured_media":408767,"template":"","meta":{"_joinchat":[]},"product_brand":[],"product_cat":[5189,987],"product_tag":[],"class_list":{"0":"post-323565","1":"product","2":"type-product","3":"status-publish","4":"has-post-thumbnail","6":"product_cat-boutons-et-poignees-tiroir-meuble","7":"product_cat-boutons-en-porcelaine-pour-tiroir-porte-meuble","8":"pa_color-marron-poignees-boutons-pieds-meuble-portamanteaux-mur-porte","9":"pa_distancia-agujeros-tornillos-poignees-128-mm-entre-trous-de-vis-tiroir-porte-meuble","10":"pa_tendencia-boutons-en-porcelaine-classique-pour-meuble","12":"first","13":"outofstock","14":"taxable","15":"shipping-taxable","16":"purchasable","17":"product-type-variable","18":"has-default-attributes","19":"wvs-archive-product-wrapper"},"_links":{"self":[{"href":"https:\/\/www.pomoline.com\/fr\/wp-json\/wp\/v2\/product\/323565","targetHints":{"allow":["GET"]}}],"collection":[{"href":"https:\/\/www.pomoline.com\/fr\/wp-json\/wp\/v2\/product"}],"about":[{"href":"https:\/\/www.pomoline.com\/fr\/wp-json\/wp\/v2\/types\/product"}],"wp:featuredmedia":[{"embeddable":true,"href":"https:\/\/www.pomoline.com\/fr\/wp-json\/wp\/v2\/media\/408767"}],"wp:attachment":[{"href":"https:\/\/www.pomoline.com\/fr\/wp-json\/wp\/v2\/media?parent=323565"}],"wp:term":[{"taxonomy":"product_brand","embeddable":true,"href":"https:\/\/www.pomoline.com\/fr\/wp-json\/wp\/v2\/product_brand?post=323565"},{"taxonomy":"product_cat","embeddable":true,"href":"https:\/\/www.pomoline.com\/fr\/wp-json\/wp\/v2\/product_cat?post=323565"},{"taxonomy":"product_tag","embeddable":true,"href":"https:\/\/www.pomoline.com\/fr\/wp-json\/wp\/v2\/product_tag?post=323565"}],"curies":[{"name":"wp","href":"https:\/\/api.w.org\/{rel}","templated":true}]}}