{"id":323573,"date":"2024-04-27T13:24:03","date_gmt":"2024-04-27T11:24:03","guid":{"rendered":"https:\/\/www.pomoline.com\/web-pruebas\/producto\/tirador-mueble-flor-azul-porcelana-pintada-a-mano-bronce-cajonera\/"},"modified":"2025-03-13T22:25:38","modified_gmt":"2025-03-13T21:25:38","slug":"poignee-porcelaine-de-meuble-rustique-fleur-bleu","status":"publish","type":"product","link":"https:\/\/www.pomoline.com\/fr\/produit\/poignee-porcelaine-de-meuble-rustique-fleur-bleu\/","title":{"rendered":"POIGN\u00c9E PORCELAINE DE MEUBLE RUSTIQUE FLEUR BLEU"},"content":{"rendered":"<p>Poign\u00e9es en porcelaine et c\u00e9ramique classique pour meubles rustiques vintage. Ce sont des boutons tr\u00e8s \u00e9l\u00e9gants pour l\u2019atmosph\u00e8re exclusive des villas. Ce mod\u00e8le particulier est le MOD 332 poign\u00e9e porcelaine de meuble rustique fleur bleu<\/p>\n","protected":false},"excerpt":{"rendered":"<p>Poign\u00e9es en porcelaine et c\u00e9ramique classique pour meubles rustiques vintage. Ce sont des boutons tr\u00e8s \u00e9l\u00e9gants pour l\u2019atmosph\u00e8re exclusive des villas. Ce mod\u00e8le particulier est le MOD 332 poign\u00e9e porcelaine de meuble rustique fleur bleu<\/p>\n","protected":false},"featured_media":408759,"template":"","meta":{"_joinchat":[]},"product_brand":[],"product_cat":[5189,987],"product_tag":[],"class_list":{"0":"post-323573","1":"product","2":"type-product","3":"status-publish","4":"has-post-thumbnail","6":"product_cat-boutons-et-poignees-tiroir-meuble","7":"product_cat-boutons-en-porcelaine-pour-tiroir-porte-meuble","8":"pa_color-marron-poignees-boutons-pieds-meuble-portamanteaux-mur-porte","9":"pa_distancia-agujeros-tornillos-poignees-96-mm-entre-trous-de-vis-tiroir-porte-meuble","10":"pa_tendencia-boutons-en-porcelaine-classique-pour-meuble","12":"first","13":"instock","14":"taxable","15":"shipping-taxable","16":"purchasable","17":"product-type-variable","18":"has-default-attributes","19":"wvs-archive-product-wrapper"},"_links":{"self":[{"href":"https:\/\/www.pomoline.com\/fr\/wp-json\/wp\/v2\/product\/323573","targetHints":{"allow":["GET"]}}],"collection":[{"href":"https:\/\/www.pomoline.com\/fr\/wp-json\/wp\/v2\/product"}],"about":[{"href":"https:\/\/www.pomoline.com\/fr\/wp-json\/wp\/v2\/types\/product"}],"wp:featuredmedia":[{"embeddable":true,"href":"https:\/\/www.pomoline.com\/fr\/wp-json\/wp\/v2\/media\/408759"}],"wp:attachment":[{"href":"https:\/\/www.pomoline.com\/fr\/wp-json\/wp\/v2\/media?parent=323573"}],"wp:term":[{"taxonomy":"product_brand","embeddable":true,"href":"https:\/\/www.pomoline.com\/fr\/wp-json\/wp\/v2\/product_brand?post=323573"},{"taxonomy":"product_cat","embeddable":true,"href":"https:\/\/www.pomoline.com\/fr\/wp-json\/wp\/v2\/product_cat?post=323573"},{"taxonomy":"product_tag","embeddable":true,"href":"https:\/\/www.pomoline.com\/fr\/wp-json\/wp\/v2\/product_tag?post=323573"}],"curies":[{"name":"wp","href":"https:\/\/api.w.org\/{rel}","templated":true}]}}