{"id":323581,"date":"2024-04-27T13:24:13","date_gmt":"2024-04-27T11:24:13","guid":{"rendered":"https:\/\/www.pomoline.com\/web-pruebas\/producto\/tirador-pomo-de-mueble-porcelana-crema-laton-para-cajonera-y-armario\/"},"modified":"2025-03-13T22:25:03","modified_gmt":"2025-03-13T21:25:03","slug":"bouton-de-meuble-rond-rustique-creme-porcelaine","status":"publish","type":"product","link":"https:\/\/www.pomoline.com\/fr\/produit\/bouton-de-meuble-rond-rustique-creme-porcelaine\/","title":{"rendered":"BOUTON DE MEUBLE ROND RUSTIQUE CR\u00c8ME PORCELAINE"},"content":{"rendered":"<p>Poign\u00e9es en porcelaine et c\u00e9ramique classique pour meubles rustiques vintage. Ce sont des boutons tr\u00e8s \u00e9l\u00e9gants pour l\u2019atmosph\u00e8re exclusive des villas. Ce mod\u00e8le particulier est le MOD 330 bouton de meuble rond rustique cr\u00e8me porcelaine<\/p>\n","protected":false},"excerpt":{"rendered":"<p>Poign\u00e9es en porcelaine et c\u00e9ramique classique pour meubles rustiques vintage. Ce sont des boutons tr\u00e8s \u00e9l\u00e9gants pour l\u2019atmosph\u00e8re exclusive des villas. Ce mod\u00e8le particulier est le MOD 330 bouton de meuble rond rustique cr\u00e8me porcelaine<\/p>\n","protected":false},"featured_media":408751,"template":"","meta":{"_joinchat":[]},"product_brand":[],"product_cat":[5189,987],"product_tag":[],"class_list":{"0":"post-323581","1":"product","2":"type-product","3":"status-publish","4":"has-post-thumbnail","6":"product_cat-boutons-et-poignees-tiroir-meuble","7":"product_cat-boutons-en-porcelaine-pour-tiroir-porte-meuble","8":"pa_color-bleu-poignees-boutons-pieds-meuble-portamanteaux-mur-porte","9":"pa_color-marron-poignees-boutons-pieds-meuble-portamanteaux-mur-porte","10":"pa_color-creme-poignees-boutons-pieds-meuble-portamanteaux-mur-porte","11":"pa_tendencia-boutons-en-porcelaine-classique-pour-meuble","13":"first","14":"instock","15":"taxable","16":"shipping-taxable","17":"purchasable","18":"product-type-variable","19":"has-default-attributes","20":"wvs-archive-product-wrapper"},"_links":{"self":[{"href":"https:\/\/www.pomoline.com\/fr\/wp-json\/wp\/v2\/product\/323581","targetHints":{"allow":["GET"]}}],"collection":[{"href":"https:\/\/www.pomoline.com\/fr\/wp-json\/wp\/v2\/product"}],"about":[{"href":"https:\/\/www.pomoline.com\/fr\/wp-json\/wp\/v2\/types\/product"}],"wp:featuredmedia":[{"embeddable":true,"href":"https:\/\/www.pomoline.com\/fr\/wp-json\/wp\/v2\/media\/408751"}],"wp:attachment":[{"href":"https:\/\/www.pomoline.com\/fr\/wp-json\/wp\/v2\/media?parent=323581"}],"wp:term":[{"taxonomy":"product_brand","embeddable":true,"href":"https:\/\/www.pomoline.com\/fr\/wp-json\/wp\/v2\/product_brand?post=323581"},{"taxonomy":"product_cat","embeddable":true,"href":"https:\/\/www.pomoline.com\/fr\/wp-json\/wp\/v2\/product_cat?post=323581"},{"taxonomy":"product_tag","embeddable":true,"href":"https:\/\/www.pomoline.com\/fr\/wp-json\/wp\/v2\/product_tag?post=323581"}],"curies":[{"name":"wp","href":"https:\/\/api.w.org\/{rel}","templated":true}]}}