{"id":323585,"date":"2024-04-27T13:24:20","date_gmt":"2024-04-27T11:24:20","guid":{"rendered":"https:\/\/www.pomoline.com\/web-pruebas\/producto\/tirador-mueble-pelota-balon-baloncesto-basket\/"},"modified":"2025-03-13T22:24:45","modified_gmt":"2025-03-13T21:24:45","slug":"bouton-de-meuble-ballon-basket-bleu-rouge-pour-enfants","status":"publish","type":"product","link":"https:\/\/www.pomoline.com\/fr\/produit\/bouton-de-meuble-ballon-basket-bleu-rouge-pour-enfants\/","title":{"rendered":"BOUTON DE MEUBLE BALLON BASKET BLEU-ROUGE POUR ENFANTS"},"content":{"rendered":"<p>Boutons et poign\u00e9es en c\u00e9ramique et porcelaine pour tiroir de meubles pour enfants. La plupart sont peintes \u00e0 la main et sont id\u00e9ales pour la chambre des enfants. Ce mod\u00e8le particulier est le MOD 329 bouton de meuble ballon basket bleu-rouge pour enfants<\/p>\n","protected":false},"excerpt":{"rendered":"<p>Boutons et poign\u00e9es en c\u00e9ramique et porcelaine pour tiroir de meubles pour enfants. La plupart sont peintes \u00e0 la main et sont id\u00e9ales pour la chambre des enfants. Ce mod\u00e8le particulier est le MOD 329 bouton de meuble ballon basket bleu-rouge pour enfants<\/p>\n","protected":false},"featured_media":408747,"template":"","meta":{"_joinchat":[]},"product_brand":[],"product_cat":[5355,5357,995],"product_tag":[],"class_list":{"0":"post-323585","1":"product","2":"type-product","3":"status-publish","4":"has-post-thumbnail","6":"product_cat-ofertas","7":"product_cat-ofertas-fr","8":"product_cat-boutons-meuble-pour-enfants-bebe","9":"pa_color-bleu-poignees-boutons-pieds-meuble-portamanteaux-mur-porte","10":"pa_tendencia-boutons-meuble-enfants-poignees-tiroir-chambre","12":"first","13":"instock","14":"sale","15":"taxable","16":"shipping-taxable","17":"purchasable","18":"product-type-variable","19":"has-default-attributes","20":"wvs-archive-product-wrapper"},"_links":{"self":[{"href":"https:\/\/www.pomoline.com\/fr\/wp-json\/wp\/v2\/product\/323585","targetHints":{"allow":["GET"]}}],"collection":[{"href":"https:\/\/www.pomoline.com\/fr\/wp-json\/wp\/v2\/product"}],"about":[{"href":"https:\/\/www.pomoline.com\/fr\/wp-json\/wp\/v2\/types\/product"}],"wp:featuredmedia":[{"embeddable":true,"href":"https:\/\/www.pomoline.com\/fr\/wp-json\/wp\/v2\/media\/408747"}],"wp:attachment":[{"href":"https:\/\/www.pomoline.com\/fr\/wp-json\/wp\/v2\/media?parent=323585"}],"wp:term":[{"taxonomy":"product_brand","embeddable":true,"href":"https:\/\/www.pomoline.com\/fr\/wp-json\/wp\/v2\/product_brand?post=323585"},{"taxonomy":"product_cat","embeddable":true,"href":"https:\/\/www.pomoline.com\/fr\/wp-json\/wp\/v2\/product_cat?post=323585"},{"taxonomy":"product_tag","embeddable":true,"href":"https:\/\/www.pomoline.com\/fr\/wp-json\/wp\/v2\/product_tag?post=323585"}],"curies":[{"name":"wp","href":"https:\/\/api.w.org\/{rel}","templated":true}]}}