{"id":323589,"date":"2024-04-27T13:24:24","date_gmt":"2024-04-27T11:24:24","guid":{"rendered":"https:\/\/www.pomoline.com\/web-pruebas\/producto\/tirador-mueble-pelota-balon-futbol\/"},"modified":"2025-03-13T22:24:30","modified_gmt":"2025-03-13T21:24:30","slug":"bouton-de-meuble-ballon-football-pour-enfants","status":"publish","type":"product","link":"https:\/\/www.pomoline.com\/fr\/produit\/bouton-de-meuble-ballon-football-pour-enfants\/","title":{"rendered":"BOUTON DE MEUBLE BALLON FOOTBALL POUR ENFANTS"},"content":{"rendered":"<p>Boutons et poign\u00e9es en c\u00e9ramique et porcelaine pour tiroir de meubles pour enfants. La plupart sont peintes \u00e0 la main et sont id\u00e9ales pour la chambre des enfants. Ce mod\u00e8le particulier est le MOD 328 bouton de meuble ballon football pour enfants<\/p>\n","protected":false},"excerpt":{"rendered":"<p>Boutons et poign\u00e9es en c\u00e9ramique et porcelaine pour tiroir de meubles pour enfants. La plupart sont peintes \u00e0 la main et sont id\u00e9ales pour la chambre des enfants. Ce mod\u00e8le particulier est le MOD 328 bouton de meuble ballon football pour enfants<\/p>\n","protected":false},"featured_media":0,"template":"","meta":{"_joinchat":[]},"product_brand":[],"product_cat":[995],"product_tag":[],"class_list":{"0":"post-323589","1":"product","2":"type-product","3":"status-publish","5":"product_cat-boutons-meuble-pour-enfants-bebe","6":"pa_color-noir-poignees-boutons-pieds-meuble-portamanteaux-mur-porte","7":"pa_tendencia-boutons-meuble-enfants-poignees-tiroir-chambre","9":"first","10":"outofstock","11":"taxable","12":"shipping-taxable","13":"purchasable","14":"product-type-variable","15":"has-default-attributes","16":"wvs-archive-product-wrapper"},"_links":{"self":[{"href":"https:\/\/www.pomoline.com\/fr\/wp-json\/wp\/v2\/product\/323589","targetHints":{"allow":["GET"]}}],"collection":[{"href":"https:\/\/www.pomoline.com\/fr\/wp-json\/wp\/v2\/product"}],"about":[{"href":"https:\/\/www.pomoline.com\/fr\/wp-json\/wp\/v2\/types\/product"}],"wp:attachment":[{"href":"https:\/\/www.pomoline.com\/fr\/wp-json\/wp\/v2\/media?parent=323589"}],"wp:term":[{"taxonomy":"product_brand","embeddable":true,"href":"https:\/\/www.pomoline.com\/fr\/wp-json\/wp\/v2\/product_brand?post=323589"},{"taxonomy":"product_cat","embeddable":true,"href":"https:\/\/www.pomoline.com\/fr\/wp-json\/wp\/v2\/product_cat?post=323589"},{"taxonomy":"product_tag","embeddable":true,"href":"https:\/\/www.pomoline.com\/fr\/wp-json\/wp\/v2\/product_tag?post=323589"}],"curies":[{"name":"wp","href":"https:\/\/api.w.org\/{rel}","templated":true}]}}