{"id":323601,"date":"2024-04-27T13:24:40","date_gmt":"2024-04-27T11:24:40","guid":{"rendered":"https:\/\/www.pomoline.com\/web-pruebas\/producto\/pomo-estrella-mar-porcelana-para-cajones-mueble\/"},"modified":"2025-03-13T22:23:39","modified_gmt":"2025-03-13T21:23:39","slug":"bouton-meuble-etoile-mer-porcelain-pour-tiroir","status":"publish","type":"product","link":"https:\/\/www.pomoline.com\/fr\/produit\/bouton-meuble-etoile-mer-porcelain-pour-tiroir\/","title":{"rendered":"BOUTON MEUBLE ETOILE MER PORCELAIN POUR TIROIR"},"content":{"rendered":"<p>Beau bouton de meuble en c\u00e9ramique de couleur bleu intense en forme d&rsquo;\u00e9toile, id\u00e9al pour une salle de bain ou une salle \u00e0 manger, m\u00eame si vous souhaitez personnaliser votre cuisine, de haute qualit\u00e9 et fabriqu\u00e9 en Europe, il donnera une touche sp\u00e9ciale \u00e0<\/p>\n","protected":false},"excerpt":{"rendered":"<p>Beau bouton de meuble en c\u00e9ramique de couleur bleu intense en forme d&rsquo;\u00e9toile, id\u00e9al pour une salle de bain ou une salle \u00e0 manger, m\u00eame si vous souhaitez personnaliser votre cuisine, de haute qualit\u00e9 et fabriqu\u00e9 en Europe, il donnera une touche sp\u00e9ciale \u00e0<\/p>\n","protected":false},"featured_media":408731,"template":"","meta":{"_joinchat":[]},"product_brand":[],"product_cat":[5189,987],"product_tag":[],"class_list":{"0":"post-323601","1":"product","2":"type-product","3":"status-publish","4":"has-post-thumbnail","6":"product_cat-boutons-et-poignees-tiroir-meuble","7":"product_cat-boutons-en-porcelaine-pour-tiroir-porte-meuble","8":"pa_color-bleu-poignees-boutons-pieds-meuble-portamanteaux-mur-porte","9":"pa_tendencia-boutons-en-porcelaine-classique-pour-meuble","11":"first","12":"instock","13":"taxable","14":"shipping-taxable","15":"purchasable","16":"product-type-variable","17":"has-default-attributes","18":"wvs-archive-product-wrapper"},"_links":{"self":[{"href":"https:\/\/www.pomoline.com\/fr\/wp-json\/wp\/v2\/product\/323601","targetHints":{"allow":["GET"]}}],"collection":[{"href":"https:\/\/www.pomoline.com\/fr\/wp-json\/wp\/v2\/product"}],"about":[{"href":"https:\/\/www.pomoline.com\/fr\/wp-json\/wp\/v2\/types\/product"}],"wp:featuredmedia":[{"embeddable":true,"href":"https:\/\/www.pomoline.com\/fr\/wp-json\/wp\/v2\/media\/408731"}],"wp:attachment":[{"href":"https:\/\/www.pomoline.com\/fr\/wp-json\/wp\/v2\/media?parent=323601"}],"wp:term":[{"taxonomy":"product_brand","embeddable":true,"href":"https:\/\/www.pomoline.com\/fr\/wp-json\/wp\/v2\/product_brand?post=323601"},{"taxonomy":"product_cat","embeddable":true,"href":"https:\/\/www.pomoline.com\/fr\/wp-json\/wp\/v2\/product_cat?post=323601"},{"taxonomy":"product_tag","embeddable":true,"href":"https:\/\/www.pomoline.com\/fr\/wp-json\/wp\/v2\/product_tag?post=323601"}],"curies":[{"name":"wp","href":"https:\/\/api.w.org\/{rel}","templated":true}]}}