{"id":323613,"date":"2024-04-27T13:24:58","date_gmt":"2024-04-27T11:24:58","guid":{"rendered":"https:\/\/www.pomoline.com\/web-pruebas\/producto\/pomo-de-bronce-patina-blanca-tiradores-vintage-mueble-desgastado\/"},"modified":"2025-03-13T22:22:49","modified_gmt":"2025-03-13T21:22:49","slug":"bouton-de-bronze-avec-patinee-blanc-poignee-meuble-vintage","status":"publish","type":"product","link":"https:\/\/www.pomoline.com\/fr\/produit\/bouton-de-bronze-avec-patinee-blanc-poignee-meuble-vintage\/","title":{"rendered":"BOUTON DE BRONZE AVEC PATIN\u00c9E BLANC | POIGN\u00c9E MEUBLE VINTAGE"},"content":{"rendered":"<p>Bouton de meuble au pr\u00e9cieux style vintage en diff\u00e9rentes finitions : Inca gold, vieux laiton, noir peint avec patine blanche,&#8230; ils sont tr\u00e8s originaux dans votre meuble en lui donnant un style r\u00e9tro. Il a un diam\u00e8tre de 34mm, il est envoy\u00e9 avec les vis<\/p>\n","protected":false},"excerpt":{"rendered":"<p>Bouton de meuble au pr\u00e9cieux style vintage en diff\u00e9rentes finitions : Inca gold, vieux laiton, noir peint avec patine blanche,&#8230; ils sont tr\u00e8s originaux dans votre meuble en lui donnant un style r\u00e9tro. Il a un diam\u00e8tre de 34mm, il est envoy\u00e9 avec les vis<\/p>\n","protected":false},"featured_media":408719,"template":"","meta":{"_joinchat":[]},"product_brand":[],"product_cat":[5189,979],"product_tag":[],"class_list":{"0":"post-323613","1":"product","2":"type-product","3":"status-publish","4":"has-post-thumbnail","6":"product_cat-boutons-et-poignees-tiroir-meuble","7":"product_cat-poignees-meuble-style-vintage-chic","8":"pa_color-noir-poignees-boutons-pieds-meuble-portamanteaux-mur-porte","9":"pa_color-patine-blanche-argent-poignees-boutons-pieds-meuble-portamanteaux-mur-porte","10":"pa_color-or-inca-mat-poignees-boutons-pieds-meuble-portamanteaux-mur-porte","11":"pa_color-patine-blanche-doree-poignees-boutons-pieds-meuble-portamanteaux-mur-porte","12":"pa_color-patine-blanc-noir-poignees-boutons-pieds-meuble-portamanteaux-mur-porte","13":"pa_color-vieil-argent-poignees-boutons-pieds-meuble-portamanteaux-mur-porte","14":"pa_color-vieux-laiton-poignees-boutons-pieds-meuble-portamanteaux-mur-porte","15":"pa_tendencia-boutonts-et-poignees-meuble-classique","16":"pa_tendencia-poignees-boutons-vintage-pour-meuble","17":"pa_tendencia-poignee-anneau-tiroir-meuble-classique","18":"pa_tendencia-boutons-poignees-meuble-shabby-chic","20":"first","21":"instock","22":"taxable","23":"shipping-taxable","24":"purchasable","25":"product-type-variable","26":"has-default-attributes","27":"wvs-archive-product-wrapper"},"_links":{"self":[{"href":"https:\/\/www.pomoline.com\/fr\/wp-json\/wp\/v2\/product\/323613","targetHints":{"allow":["GET"]}}],"collection":[{"href":"https:\/\/www.pomoline.com\/fr\/wp-json\/wp\/v2\/product"}],"about":[{"href":"https:\/\/www.pomoline.com\/fr\/wp-json\/wp\/v2\/types\/product"}],"wp:featuredmedia":[{"embeddable":true,"href":"https:\/\/www.pomoline.com\/fr\/wp-json\/wp\/v2\/media\/408719"}],"wp:attachment":[{"href":"https:\/\/www.pomoline.com\/fr\/wp-json\/wp\/v2\/media?parent=323613"}],"wp:term":[{"taxonomy":"product_brand","embeddable":true,"href":"https:\/\/www.pomoline.com\/fr\/wp-json\/wp\/v2\/product_brand?post=323613"},{"taxonomy":"product_cat","embeddable":true,"href":"https:\/\/www.pomoline.com\/fr\/wp-json\/wp\/v2\/product_cat?post=323613"},{"taxonomy":"product_tag","embeddable":true,"href":"https:\/\/www.pomoline.com\/fr\/wp-json\/wp\/v2\/product_tag?post=323613"}],"curies":[{"name":"wp","href":"https:\/\/api.w.org\/{rel}","templated":true}]}}