{"id":323617,"date":"2024-04-27T13:25:03","date_gmt":"2024-04-27T11:25:03","guid":{"rendered":"https:\/\/www.pomoline.com\/web-pruebas\/producto\/tirador-asa-laton-viejo-cajon-mueble-clasico-ap162\/"},"modified":"2025-03-13T22:22:31","modified_gmt":"2025-03-13T21:22:31","slug":"poignee-vieux-laiton-tiroir-meuble-classique-ap162","status":"publish","type":"product","link":"https:\/\/www.pomoline.com\/fr\/produit\/poignee-vieux-laiton-tiroir-meuble-classique-ap162\/","title":{"rendered":"POIGN\u00c9E VIEUX LAITON TIROIR MEUBLE CLASSIQUE AP162"},"content":{"rendered":"<p>Grande poign\u00e9e de meuble en m\u00e9tal classique avec une finition en laiton vieilli, parfaite pour votre meuble, elle lui donne son propre style, intemporel et tr\u00e8s r\u00e9sistant. Il a trois variantes, l&rsquo;une avec une poign\u00e9e, une autre avec un anneau et la derni\u00e8<\/p>\n","protected":false},"excerpt":{"rendered":"<p>Grande poign\u00e9e de meuble en m\u00e9tal classique avec une finition en laiton vieilli, parfaite pour votre meuble, elle lui donne son propre style, intemporel et tr\u00e8s r\u00e9sistant. Il a trois variantes, l&rsquo;une avec une poign\u00e9e, une autre avec un anneau et la derni\u00e8<\/p>\n","protected":false},"featured_media":408715,"template":"","meta":{"_joinchat":[]},"product_brand":[],"product_cat":[5189,979],"product_tag":[],"class_list":{"0":"post-323617","1":"product","2":"type-product","3":"status-publish","4":"has-post-thumbnail","6":"product_cat-boutons-et-poignees-tiroir-meuble","7":"product_cat-poignees-meuble-style-vintage-chic","8":"pa_color-noir-poignees-boutons-pieds-meuble-portamanteaux-mur-porte","9":"pa_color-or-inca-mat-poignees-boutons-pieds-meuble-portamanteaux-mur-porte","10":"pa_color-patine-blanc-noir-poignees-boutons-pieds-meuble-portamanteaux-mur-porte","11":"pa_color-vieux-laiton-poignees-boutons-pieds-meuble-portamanteaux-mur-porte","12":"pa_tendencia-poignees-boutons-meuble-rustique","13":"pa_tendencia-boutons-poignees-meuble-shabby-chic","14":"pa_tendencia-poignee-tiroir-meuble-classique","16":"first","17":"instock","18":"taxable","19":"shipping-taxable","20":"purchasable","21":"product-type-variable","22":"has-default-attributes","23":"wvs-archive-product-wrapper"},"_links":{"self":[{"href":"https:\/\/www.pomoline.com\/fr\/wp-json\/wp\/v2\/product\/323617","targetHints":{"allow":["GET"]}}],"collection":[{"href":"https:\/\/www.pomoline.com\/fr\/wp-json\/wp\/v2\/product"}],"about":[{"href":"https:\/\/www.pomoline.com\/fr\/wp-json\/wp\/v2\/types\/product"}],"wp:featuredmedia":[{"embeddable":true,"href":"https:\/\/www.pomoline.com\/fr\/wp-json\/wp\/v2\/media\/408715"}],"wp:attachment":[{"href":"https:\/\/www.pomoline.com\/fr\/wp-json\/wp\/v2\/media?parent=323617"}],"wp:term":[{"taxonomy":"product_brand","embeddable":true,"href":"https:\/\/www.pomoline.com\/fr\/wp-json\/wp\/v2\/product_brand?post=323617"},{"taxonomy":"product_cat","embeddable":true,"href":"https:\/\/www.pomoline.com\/fr\/wp-json\/wp\/v2\/product_cat?post=323617"},{"taxonomy":"product_tag","embeddable":true,"href":"https:\/\/www.pomoline.com\/fr\/wp-json\/wp\/v2\/product_tag?post=323617"}],"curies":[{"name":"wp","href":"https:\/\/api.w.org\/{rel}","templated":true}]}}