{"id":323625,"date":"2024-04-27T13:25:13","date_gmt":"2024-04-27T11:25:13","guid":{"rendered":"https:\/\/www.pomoline.com\/web-pruebas\/producto\/tirador-pendulo-laton-viejo-cajon-mueble-clasico-ap150\/"},"modified":"2025-03-13T22:21:55","modified_gmt":"2025-03-13T21:21:55","slug":"pognee-pendule-vieux-laiton-tiroir-meuble-classique-ap150","status":"publish","type":"product","link":"https:\/\/www.pomoline.com\/fr\/produit\/pognee-pendule-vieux-laiton-tiroir-meuble-classique-ap150\/","title":{"rendered":"POGN\u00c9E PENDULE VIEUX LAITON TIROIR MEUBLE CLASSIQUE AP150"},"content":{"rendered":"<p>Poign\u00e9es et boutons pour meubles de style vintage r\u00e9tro classique \u00e0 monter dans les tiroirs et les portes. Ce mod\u00e8le particulier est le MOD 294 pogn\u00e9e pendule vieux laiton tiroir meuble classique ap150<\/p>\n","protected":false},"excerpt":{"rendered":"<p>Poign\u00e9es et boutons pour meubles de style vintage r\u00e9tro classique \u00e0 monter dans les tiroirs et les portes. Ce mod\u00e8le particulier est le MOD 294 pogn\u00e9e pendule vieux laiton tiroir meuble classique ap150<\/p>\n","protected":false},"featured_media":408707,"template":"","meta":{"_joinchat":[]},"product_brand":[],"product_cat":[5189,979],"product_tag":[],"class_list":{"0":"post-323625","1":"product","2":"type-product","3":"status-publish","4":"has-post-thumbnail","6":"product_cat-boutons-et-poignees-tiroir-meuble","7":"product_cat-poignees-meuble-style-vintage-chic","8":"pa_color-cuivre-poignees-boutons-pieds-meuble-portamanteaux-mur-porte","9":"pa_color-or-inca-mat-poignees-boutons-pieds-meuble-portamanteaux-mur-porte","10":"pa_color-patine-blanc-noir-poignees-boutons-pieds-meuble-portamanteaux-mur-porte","11":"pa_color-vieux-laiton-poignees-boutons-pieds-meuble-portamanteaux-mur-porte","12":"pa_tendencia-poignees-boutons-vintage-pour-meuble","13":"pa_tendencia-boutons-poignees-meuble-shabby-chic","14":"pa_tendencia-poignee-tiroir-meuble-classique","16":"first","17":"instock","18":"taxable","19":"shipping-taxable","20":"purchasable","21":"product-type-variable","22":"has-default-attributes","23":"wvs-archive-product-wrapper"},"_links":{"self":[{"href":"https:\/\/www.pomoline.com\/fr\/wp-json\/wp\/v2\/product\/323625","targetHints":{"allow":["GET"]}}],"collection":[{"href":"https:\/\/www.pomoline.com\/fr\/wp-json\/wp\/v2\/product"}],"about":[{"href":"https:\/\/www.pomoline.com\/fr\/wp-json\/wp\/v2\/types\/product"}],"wp:featuredmedia":[{"embeddable":true,"href":"https:\/\/www.pomoline.com\/fr\/wp-json\/wp\/v2\/media\/408707"}],"wp:attachment":[{"href":"https:\/\/www.pomoline.com\/fr\/wp-json\/wp\/v2\/media?parent=323625"}],"wp:term":[{"taxonomy":"product_brand","embeddable":true,"href":"https:\/\/www.pomoline.com\/fr\/wp-json\/wp\/v2\/product_brand?post=323625"},{"taxonomy":"product_cat","embeddable":true,"href":"https:\/\/www.pomoline.com\/fr\/wp-json\/wp\/v2\/product_cat?post=323625"},{"taxonomy":"product_tag","embeddable":true,"href":"https:\/\/www.pomoline.com\/fr\/wp-json\/wp\/v2\/product_tag?post=323625"}],"curies":[{"name":"wp","href":"https:\/\/api.w.org\/{rel}","templated":true}]}}