{"id":323637,"date":"2024-04-27T13:25:29","date_gmt":"2024-04-27T11:25:29","guid":{"rendered":"https:\/\/www.pomoline.com\/web-pruebas\/producto\/base-placa-pomo-de-mueble-bronce-envejecido-para-cajonera-180x22mm\/"},"modified":"2025-03-13T22:21:05","modified_gmt":"2025-03-13T21:21:05","slug":"plaque-bronze-vieilli-pou-bouton-de-meuble-180x22mm","status":"publish","type":"product","link":"https:\/\/www.pomoline.com\/fr\/produit\/plaque-bronze-vieilli-pou-bouton-de-meuble-180x22mm\/","title":{"rendered":"PLAQUE BRONZE VIEILLI POU BOUTON DE MEUBLE 180x22MM"},"content":{"rendered":"<p>Base de plaque de bouton de meuble en bronze antique pour commode 180x22mm de style classique pour meubles \u00e9l\u00e9gants, tables et commodes, de grande qualit\u00e9 \u00e0 laquelle vous devez ajouter un bouton, par exemple 2893C de notre section boutons en m\u00e9tal pour me<\/p>\n","protected":false},"excerpt":{"rendered":"<p>Base de plaque de bouton de meuble en bronze antique pour commode 180x22mm de style classique pour meubles \u00e9l\u00e9gants, tables et commodes, de grande qualit\u00e9 \u00e0 laquelle vous devez ajouter un bouton, par exemple 2893C de notre section boutons en m\u00e9tal pour me<\/p>\n","protected":false},"featured_media":408695,"template":"","meta":{"_joinchat":[]},"product_brand":[],"product_cat":[5189,983],"product_tag":[],"class_list":{"0":"post-323637","1":"product","2":"type-product","3":"status-publish","4":"has-post-thumbnail","6":"product_cat-boutons-et-poignees-tiroir-meuble","7":"product_cat-poignees-metal-antiques-de-tiroir","8":"pa_color-vieux-bronze-poignees-boutons-pieds-meuble-portamanteaux-mur-porte","9":"pa_tendencia-poignee-tiroir-meuble-classique","11":"first","12":"instock","13":"taxable","14":"shipping-taxable","15":"purchasable","16":"product-type-variable","17":"has-default-attributes","18":"wvs-archive-product-wrapper"},"_links":{"self":[{"href":"https:\/\/www.pomoline.com\/fr\/wp-json\/wp\/v2\/product\/323637","targetHints":{"allow":["GET"]}}],"collection":[{"href":"https:\/\/www.pomoline.com\/fr\/wp-json\/wp\/v2\/product"}],"about":[{"href":"https:\/\/www.pomoline.com\/fr\/wp-json\/wp\/v2\/types\/product"}],"wp:featuredmedia":[{"embeddable":true,"href":"https:\/\/www.pomoline.com\/fr\/wp-json\/wp\/v2\/media\/408695"}],"wp:attachment":[{"href":"https:\/\/www.pomoline.com\/fr\/wp-json\/wp\/v2\/media?parent=323637"}],"wp:term":[{"taxonomy":"product_brand","embeddable":true,"href":"https:\/\/www.pomoline.com\/fr\/wp-json\/wp\/v2\/product_brand?post=323637"},{"taxonomy":"product_cat","embeddable":true,"href":"https:\/\/www.pomoline.com\/fr\/wp-json\/wp\/v2\/product_cat?post=323637"},{"taxonomy":"product_tag","embeddable":true,"href":"https:\/\/www.pomoline.com\/fr\/wp-json\/wp\/v2\/product_tag?post=323637"}],"curies":[{"name":"wp","href":"https:\/\/api.w.org\/{rel}","templated":true}]}}