{"id":323649,"date":"2024-04-27T13:25:54","date_gmt":"2024-04-27T11:25:54","guid":{"rendered":"https:\/\/www.pomoline.com\/web-pruebas\/producto\/tirador-asa-de-mueble-acabado-bronce-envejecido-para-cajonera-64mm\/"},"modified":"2025-03-13T22:20:14","modified_gmt":"2025-03-13T21:20:14","slug":"poignee-de-meuble-bronze-vieilli-64mm-88mm","status":"publish","type":"product","link":"https:\/\/www.pomoline.com\/fr\/produit\/poignee-de-meuble-bronze-vieilli-64mm-88mm\/","title":{"rendered":"POIGN\u00c9E DE MEUBLE BRONZE VIEILLI 64MM | 88MM"},"content":{"rendered":"<p>Poign\u00e9es et boutons de style classique pour meubles rustiques, vintage et vieillis. Nous les exp\u00e9dions avec les vis de montage fournies et pouvons \u00eatre mont\u00e9s sur les portes et les tiroirs des armoires. Ce mod\u00e8le particulier est le MOD 280 poign\u00e9e de meub<\/p>\n","protected":false},"excerpt":{"rendered":"<p>Poign\u00e9es et boutons de style classique pour meubles rustiques, vintage et vieillis. Nous les exp\u00e9dions avec les vis de montage fournies et pouvons \u00eatre mont\u00e9s sur les portes et les tiroirs des armoires. Ce mod\u00e8le particulier est le MOD 280 poign\u00e9e de meub<\/p>\n","protected":false},"featured_media":408683,"template":"","meta":{"_joinchat":[]},"product_brand":[],"product_cat":[5189,967],"product_tag":[],"class_list":{"0":"post-323649","1":"product","2":"type-product","3":"status-publish","4":"has-post-thumbnail","6":"product_cat-boutons-et-poignees-tiroir-meuble","7":"product_cat-poignees-laiton-meuble-classique","8":"pa_color-vieux-bronze-poignees-boutons-pieds-meuble-portamanteaux-mur-porte","9":"pa_distancia-agujeros-tornillos-poignees-64-mm-entre-trous-de-vis-tiroir-porte-meuble","10":"pa_distancia-agujeros-tornillos-poignees-96-mm-entre-trous-de-vis-tiroir-porte-meuble","11":"pa_tendencia-boutonts-et-poignees-meuble-classique","13":"first","14":"instock","15":"taxable","16":"shipping-taxable","17":"purchasable","18":"product-type-variable","19":"has-default-attributes","20":"wvs-archive-product-wrapper"},"_links":{"self":[{"href":"https:\/\/www.pomoline.com\/fr\/wp-json\/wp\/v2\/product\/323649","targetHints":{"allow":["GET"]}}],"collection":[{"href":"https:\/\/www.pomoline.com\/fr\/wp-json\/wp\/v2\/product"}],"about":[{"href":"https:\/\/www.pomoline.com\/fr\/wp-json\/wp\/v2\/types\/product"}],"wp:featuredmedia":[{"embeddable":true,"href":"https:\/\/www.pomoline.com\/fr\/wp-json\/wp\/v2\/media\/408683"}],"wp:attachment":[{"href":"https:\/\/www.pomoline.com\/fr\/wp-json\/wp\/v2\/media?parent=323649"}],"wp:term":[{"taxonomy":"product_brand","embeddable":true,"href":"https:\/\/www.pomoline.com\/fr\/wp-json\/wp\/v2\/product_brand?post=323649"},{"taxonomy":"product_cat","embeddable":true,"href":"https:\/\/www.pomoline.com\/fr\/wp-json\/wp\/v2\/product_cat?post=323649"},{"taxonomy":"product_tag","embeddable":true,"href":"https:\/\/www.pomoline.com\/fr\/wp-json\/wp\/v2\/product_tag?post=323649"}],"curies":[{"name":"wp","href":"https:\/\/api.w.org\/{rel}","templated":true}]}}