{"id":323677,"date":"2024-04-27T13:26:39","date_gmt":"2024-04-27T11:26:39","guid":{"rendered":"https:\/\/www.pomoline.com\/web-pruebas\/producto\/base-pomo-de-mueble-bronce-envejecido-para-cajonera-y-mesita-104x36mm\/"},"modified":"2025-03-13T22:18:14","modified_gmt":"2025-03-13T21:18:14","slug":"base-bouton-de-meuble-bronze-vieilli","status":"publish","type":"product","link":"https:\/\/www.pomoline.com\/fr\/produit\/base-bouton-de-meuble-bronze-vieilli\/","title":{"rendered":"BASE BOUTON DE MEUBLE BRONZE VIEILLI"},"content":{"rendered":"<p>Plaque de bouton de meuble en bronze antique pour commode 104x36mm de style classique pour meubles \u00e9l\u00e9gants, tables et commodes de haute qualit\u00e9, \u00e0 laquelle il faut ajouter un bouton, par exemple 2893C ou 2830c de notre section boutons en m\u00e9tal pour meubl<\/p>\n","protected":false},"excerpt":{"rendered":"<p>Plaque de bouton de meuble en bronze antique pour commode 104x36mm de style classique pour meubles \u00e9l\u00e9gants, tables et commodes de haute qualit\u00e9, \u00e0 laquelle il faut ajouter un bouton, par exemple 2893C ou 2830c de notre section boutons en m\u00e9tal pour meubl<\/p>\n","protected":false},"featured_media":408655,"template":"","meta":{"_joinchat":[]},"product_brand":[],"product_cat":[5189,983],"product_tag":[],"class_list":{"0":"post-323677","1":"product","2":"type-product","3":"status-publish","4":"has-post-thumbnail","6":"product_cat-boutons-et-poignees-tiroir-meuble","7":"product_cat-poignees-metal-antiques-de-tiroir","8":"pa_color-noir-poignees-boutons-pieds-meuble-portamanteaux-mur-porte","9":"pa_color-vieux-bronze-poignees-boutons-pieds-meuble-portamanteaux-mur-porte","10":"pa_color-vieil-argent-poignees-boutons-pieds-meuble-portamanteaux-mur-porte","11":"pa_tendencia-poignees-boutons-meuble-rustique","13":"first","14":"instock","15":"taxable","16":"shipping-taxable","17":"purchasable","18":"product-type-variable","19":"has-default-attributes","20":"wvs-archive-product-wrapper"},"_links":{"self":[{"href":"https:\/\/www.pomoline.com\/fr\/wp-json\/wp\/v2\/product\/323677","targetHints":{"allow":["GET"]}}],"collection":[{"href":"https:\/\/www.pomoline.com\/fr\/wp-json\/wp\/v2\/product"}],"about":[{"href":"https:\/\/www.pomoline.com\/fr\/wp-json\/wp\/v2\/types\/product"}],"wp:featuredmedia":[{"embeddable":true,"href":"https:\/\/www.pomoline.com\/fr\/wp-json\/wp\/v2\/media\/408655"}],"wp:attachment":[{"href":"https:\/\/www.pomoline.com\/fr\/wp-json\/wp\/v2\/media?parent=323677"}],"wp:term":[{"taxonomy":"product_brand","embeddable":true,"href":"https:\/\/www.pomoline.com\/fr\/wp-json\/wp\/v2\/product_brand?post=323677"},{"taxonomy":"product_cat","embeddable":true,"href":"https:\/\/www.pomoline.com\/fr\/wp-json\/wp\/v2\/product_cat?post=323677"},{"taxonomy":"product_tag","embeddable":true,"href":"https:\/\/www.pomoline.com\/fr\/wp-json\/wp\/v2\/product_tag?post=323677"}],"curies":[{"name":"wp","href":"https:\/\/api.w.org\/{rel}","templated":true}]}}