{"id":323745,"date":"2024-04-27T13:28:53","date_gmt":"2024-04-27T11:28:53","guid":{"rendered":"https:\/\/www.pomoline.com\/web-pruebas\/producto\/tirador-anilla-de-mueble-acabado-bronce-envejecido-para-cajonera-80mm\/"},"modified":"2025-03-13T22:13:25","modified_gmt":"2025-03-13T21:13:25","slug":"poignee-de-meubleplaque-avec-anneau-ronze-vieilli-80mm","status":"publish","type":"product","link":"https:\/\/www.pomoline.com\/fr\/produit\/poignee-de-meubleplaque-avec-anneau-ronze-vieilli-80mm\/","title":{"rendered":"POIGN\u00c9E DE MEUBLEPLAQUE AVEC ANNEAU RONZE VIEILLI 80MM"},"content":{"rendered":"<p>Poign\u00e9es et boutons pour tiroirs de mobilier classique et vintage avec des finitions m\u00e9talliques telles que bronze, cuivre, vieil argent, laiton et fer. Ce mod\u00e8le particulier est le MOD 256 poign\u00e9e de meubleplaque avec anneau ronze vieilli 80mm<\/p>\n","protected":false},"excerpt":{"rendered":"<p>Poign\u00e9es et boutons pour tiroirs de mobilier classique et vintage avec des finitions m\u00e9talliques telles que bronze, cuivre, vieil argent, laiton et fer. Ce mod\u00e8le particulier est le MOD 256 poign\u00e9e de meubleplaque avec anneau ronze vieilli 80mm<\/p>\n","protected":false},"featured_media":408587,"template":"","meta":{"_joinchat":[]},"product_brand":[],"product_cat":[5189,983],"product_tag":[],"class_list":{"0":"post-323745","1":"product","2":"type-product","3":"status-publish","4":"has-post-thumbnail","6":"product_cat-boutons-et-poignees-tiroir-meuble","7":"product_cat-poignees-metal-antiques-de-tiroir","8":"pa_color-vieux-bronze-poignees-boutons-pieds-meuble-portamanteaux-mur-porte","9":"pa_tendencia-boutonts-et-poignees-meuble-classique","11":"first","12":"instock","13":"taxable","14":"shipping-taxable","15":"purchasable","16":"product-type-variable","17":"has-default-attributes","18":"wvs-archive-product-wrapper"},"_links":{"self":[{"href":"https:\/\/www.pomoline.com\/fr\/wp-json\/wp\/v2\/product\/323745","targetHints":{"allow":["GET"]}}],"collection":[{"href":"https:\/\/www.pomoline.com\/fr\/wp-json\/wp\/v2\/product"}],"about":[{"href":"https:\/\/www.pomoline.com\/fr\/wp-json\/wp\/v2\/types\/product"}],"wp:featuredmedia":[{"embeddable":true,"href":"https:\/\/www.pomoline.com\/fr\/wp-json\/wp\/v2\/media\/408587"}],"wp:attachment":[{"href":"https:\/\/www.pomoline.com\/fr\/wp-json\/wp\/v2\/media?parent=323745"}],"wp:term":[{"taxonomy":"product_brand","embeddable":true,"href":"https:\/\/www.pomoline.com\/fr\/wp-json\/wp\/v2\/product_brand?post=323745"},{"taxonomy":"product_cat","embeddable":true,"href":"https:\/\/www.pomoline.com\/fr\/wp-json\/wp\/v2\/product_cat?post=323745"},{"taxonomy":"product_tag","embeddable":true,"href":"https:\/\/www.pomoline.com\/fr\/wp-json\/wp\/v2\/product_tag?post=323745"}],"curies":[{"name":"wp","href":"https:\/\/api.w.org\/{rel}","templated":true}]}}