{"id":323753,"date":"2024-04-27T13:29:08","date_gmt":"2024-04-27T11:29:08","guid":{"rendered":"https:\/\/www.pomoline.com\/web-pruebas\/producto\/tirador-asa-de-mueble-acabado-bronce-envejecido-cajonera-y-mesita-32mm\/"},"modified":"2025-03-13T22:12:51","modified_gmt":"2025-03-13T21:12:51","slug":"poignee-de-meuble-coquille-bronze-vieilli-32mm-pour-meuble-classique","status":"publish","type":"product","link":"https:\/\/www.pomoline.com\/fr\/produit\/poignee-de-meuble-coquille-bronze-vieilli-32mm-pour-meuble-classique\/","title":{"rendered":"POIGN\u00c9E DE MEUBLE COQUILLE BRONZE VIEILLI 32MM | POUR MEUBLE CLASSIQUE"},"content":{"rendered":"<p>Ils s&rsquo;int\u00e8grent bien dans la cuisine, ils \u00e9blouissent dans la commode, ils donnent une touche classique aux tables, o\u00f9 vous placez cette coque en m\u00e9tal bronze vieilli, il aura fi\u00e8re allure, vous l&rsquo;avez en deux tailles, ils ont des vis (32mm le la plus pet<\/p>\n","protected":false},"excerpt":{"rendered":"<p>Ils s&rsquo;int\u00e8grent bien dans la cuisine, ils \u00e9blouissent dans la commode, ils donnent une touche classique aux tables, o\u00f9 vous placez cette coque en m\u00e9tal bronze vieilli, il aura fi\u00e8re allure, vous l&rsquo;avez en deux tailles, ils ont des vis (32mm le la plus pet<\/p>\n","protected":false},"featured_media":408579,"template":"","meta":{"_joinchat":[]},"product_brand":[],"product_cat":[5189,983],"product_tag":[],"class_list":{"0":"post-323753","1":"product","2":"type-product","3":"status-publish","4":"has-post-thumbnail","6":"product_cat-boutons-et-poignees-tiroir-meuble","7":"product_cat-poignees-metal-antiques-de-tiroir","8":"pa_color-vieux-bronze-poignees-boutons-pieds-meuble-portamanteaux-mur-porte","9":"pa_distancia-agujeros-tornillos-poignees-32-mm-entre-trous-de-vis-tiroir-porte-meuble","10":"pa_distancia-agujeros-tornillos-poignees-64-mm-entre-trous-de-vis-tiroir-porte-meuble","11":"pa_tendencia-poignee-coquille-tiroir-meuble-classique","13":"first","14":"instock","15":"taxable","16":"shipping-taxable","17":"purchasable","18":"product-type-variable","19":"has-default-attributes","20":"wvs-archive-product-wrapper"},"_links":{"self":[{"href":"https:\/\/www.pomoline.com\/fr\/wp-json\/wp\/v2\/product\/323753","targetHints":{"allow":["GET"]}}],"collection":[{"href":"https:\/\/www.pomoline.com\/fr\/wp-json\/wp\/v2\/product"}],"about":[{"href":"https:\/\/www.pomoline.com\/fr\/wp-json\/wp\/v2\/types\/product"}],"wp:featuredmedia":[{"embeddable":true,"href":"https:\/\/www.pomoline.com\/fr\/wp-json\/wp\/v2\/media\/408579"}],"wp:attachment":[{"href":"https:\/\/www.pomoline.com\/fr\/wp-json\/wp\/v2\/media?parent=323753"}],"wp:term":[{"taxonomy":"product_brand","embeddable":true,"href":"https:\/\/www.pomoline.com\/fr\/wp-json\/wp\/v2\/product_brand?post=323753"},{"taxonomy":"product_cat","embeddable":true,"href":"https:\/\/www.pomoline.com\/fr\/wp-json\/wp\/v2\/product_cat?post=323753"},{"taxonomy":"product_tag","embeddable":true,"href":"https:\/\/www.pomoline.com\/fr\/wp-json\/wp\/v2\/product_tag?post=323753"}],"curies":[{"name":"wp","href":"https:\/\/api.w.org\/{rel}","templated":true}]}}