{"id":323757,"date":"2024-04-27T13:29:15","date_gmt":"2024-04-27T11:29:15","guid":{"rendered":"https:\/\/www.pomoline.com\/web-pruebas\/producto\/base-para-pomo-cajon-bronce-envejecido-para-mueble-y-mesita\/"},"modified":"2025-03-13T22:12:35","modified_gmt":"2025-03-13T21:12:35","slug":"base-de-bouton-de-meuble-bronze-vieilli","status":"publish","type":"product","link":"https:\/\/www.pomoline.com\/fr\/produit\/base-de-bouton-de-meuble-bronze-vieilli\/","title":{"rendered":"BASE DE BOUTON DE MEUBLE BRONZE VIEILLI"},"content":{"rendered":"<p>Base en m\u00e9tal pour placer un bouton en finition bronze vieilli ou noir, pour meuble rustique, table de chevet ou commode. Il existe un bouton assorti avec la m\u00eame finition que la r\u00e9f\u00e9rence 2630C, habillez vos meubles avec des poign\u00e9es rustiques tendances,<\/p>\n","protected":false},"excerpt":{"rendered":"<p>Base en m\u00e9tal pour placer un bouton en finition bronze vieilli ou noir, pour meuble rustique, table de chevet ou commode. Il existe un bouton assorti avec la m\u00eame finition que la r\u00e9f\u00e9rence 2630C, habillez vos meubles avec des poign\u00e9es rustiques tendances,<\/p>\n","protected":false},"featured_media":408575,"template":"","meta":{"_joinchat":[]},"product_brand":[],"product_cat":[5189,983],"product_tag":[],"class_list":{"0":"post-323757","1":"product","2":"type-product","3":"status-publish","4":"has-post-thumbnail","6":"product_cat-boutons-et-poignees-tiroir-meuble","7":"product_cat-poignees-metal-antiques-de-tiroir","8":"pa_color-noir-poignees-boutons-pieds-meuble-portamanteaux-mur-porte","9":"pa_color-vieux-bronze-poignees-boutons-pieds-meuble-portamanteaux-mur-porte","10":"pa_tendencia-poignees-boutons-meuble-rustique","12":"first","13":"instock","14":"taxable","15":"shipping-taxable","16":"purchasable","17":"product-type-variable","18":"has-default-attributes","19":"wvs-archive-product-wrapper"},"_links":{"self":[{"href":"https:\/\/www.pomoline.com\/fr\/wp-json\/wp\/v2\/product\/323757","targetHints":{"allow":["GET"]}}],"collection":[{"href":"https:\/\/www.pomoline.com\/fr\/wp-json\/wp\/v2\/product"}],"about":[{"href":"https:\/\/www.pomoline.com\/fr\/wp-json\/wp\/v2\/types\/product"}],"wp:featuredmedia":[{"embeddable":true,"href":"https:\/\/www.pomoline.com\/fr\/wp-json\/wp\/v2\/media\/408575"}],"wp:attachment":[{"href":"https:\/\/www.pomoline.com\/fr\/wp-json\/wp\/v2\/media?parent=323757"}],"wp:term":[{"taxonomy":"product_brand","embeddable":true,"href":"https:\/\/www.pomoline.com\/fr\/wp-json\/wp\/v2\/product_brand?post=323757"},{"taxonomy":"product_cat","embeddable":true,"href":"https:\/\/www.pomoline.com\/fr\/wp-json\/wp\/v2\/product_cat?post=323757"},{"taxonomy":"product_tag","embeddable":true,"href":"https:\/\/www.pomoline.com\/fr\/wp-json\/wp\/v2\/product_tag?post=323757"}],"curies":[{"name":"wp","href":"https:\/\/api.w.org\/{rel}","templated":true}]}}