{"id":323769,"date":"2024-04-27T13:29:40","date_gmt":"2024-04-27T11:29:40","guid":{"rendered":"https:\/\/www.pomoline.com\/web-pruebas\/producto\/tirador-anilla-de-mueble-acabado-bronce-envejecido-para-cajonera\/"},"modified":"2025-03-13T22:11:42","modified_gmt":"2025-03-13T21:11:42","slug":"poignee-de-meuble-anneau-bronze-vieilli","status":"publish","type":"product","link":"https:\/\/www.pomoline.com\/fr\/produit\/poignee-de-meuble-anneau-bronze-vieilli\/","title":{"rendered":"POIGN\u00c9E DE MEUBLE ANNEAU BRONZE VIEILLI"},"content":{"rendered":"<p>Ferrures m\u00e9talliques en bronze vieilli ou noir avec un anneau de 50x40mm, il est id\u00e9al pour le placer sur n&rsquo;importe quel meuble que vous souhaitez lui donner un look rustique ou classique, en m\u00e9tal de haute qualit\u00e9, il donnera \u00e0 votre meuble un sp\u00e9cial to<\/p>\n","protected":false},"excerpt":{"rendered":"<p>Ferrures m\u00e9talliques en bronze vieilli ou noir avec un anneau de 50x40mm, il est id\u00e9al pour le placer sur n&rsquo;importe quel meuble que vous souhaitez lui donner un look rustique ou classique, en m\u00e9tal de haute qualit\u00e9, il donnera \u00e0 votre meuble un sp\u00e9cial to<\/p>\n","protected":false},"featured_media":408563,"template":"","meta":{"_joinchat":[]},"product_brand":[],"product_cat":[5189,983],"product_tag":[],"class_list":{"0":"post-323769","1":"product","2":"type-product","3":"status-publish","4":"has-post-thumbnail","6":"product_cat-boutons-et-poignees-tiroir-meuble","7":"product_cat-poignees-metal-antiques-de-tiroir","8":"pa_color-noir-poignees-boutons-pieds-meuble-portamanteaux-mur-porte","9":"pa_color-vieux-bronze-poignees-boutons-pieds-meuble-portamanteaux-mur-porte","10":"pa_tendencia-poignees-boutons-meuble-rustique","12":"first","13":"instock","14":"taxable","15":"shipping-taxable","16":"purchasable","17":"product-type-variable","18":"has-default-attributes","19":"wvs-archive-product-wrapper"},"_links":{"self":[{"href":"https:\/\/www.pomoline.com\/fr\/wp-json\/wp\/v2\/product\/323769","targetHints":{"allow":["GET"]}}],"collection":[{"href":"https:\/\/www.pomoline.com\/fr\/wp-json\/wp\/v2\/product"}],"about":[{"href":"https:\/\/www.pomoline.com\/fr\/wp-json\/wp\/v2\/types\/product"}],"wp:featuredmedia":[{"embeddable":true,"href":"https:\/\/www.pomoline.com\/fr\/wp-json\/wp\/v2\/media\/408563"}],"wp:attachment":[{"href":"https:\/\/www.pomoline.com\/fr\/wp-json\/wp\/v2\/media?parent=323769"}],"wp:term":[{"taxonomy":"product_brand","embeddable":true,"href":"https:\/\/www.pomoline.com\/fr\/wp-json\/wp\/v2\/product_brand?post=323769"},{"taxonomy":"product_cat","embeddable":true,"href":"https:\/\/www.pomoline.com\/fr\/wp-json\/wp\/v2\/product_cat?post=323769"},{"taxonomy":"product_tag","embeddable":true,"href":"https:\/\/www.pomoline.com\/fr\/wp-json\/wp\/v2\/product_tag?post=323769"}],"curies":[{"name":"wp","href":"https:\/\/api.w.org\/{rel}","templated":true}]}}