{"id":323821,"date":"2024-04-27T13:30:58","date_gmt":"2024-04-27T11:30:58","guid":{"rendered":"https:\/\/www.pomoline.com\/web-pruebas\/producto\/tirador-anilla-de-mueble-acabado-laton-mate-para-cajonera-armario\/"},"modified":"2025-03-13T22:08:01","modified_gmt":"2025-03-13T21:08:01","slug":"bouton-de-meuble-anneau-platine-laiton-mat-48x36x14mm","status":"publish","type":"product","link":"https:\/\/www.pomoline.com\/fr\/produit\/bouton-de-meuble-anneau-platine-laiton-mat-48x36x14mm\/","title":{"rendered":"BOUTON DE MEUBLE ANNEAU \/PLATINE LAITON MAT 48x36x14mm"},"content":{"rendered":"<p>la plaque m\u00e9tallique en bronze vieilli avec un anneau de dimensions 48x36mm est id\u00e9ale pour la placer sur n&rsquo;importe quel meuble que vous souhaitez lui donner un look rustique ou classique, en m\u00e9tal de haute qualit\u00e9, elle donnera \u00e0 votre meuble une touche<\/p>\n","protected":false},"excerpt":{"rendered":"<p>la plaque m\u00e9tallique en bronze vieilli avec un anneau de dimensions 48x36mm est id\u00e9ale pour la placer sur n&rsquo;importe quel meuble que vous souhaitez lui donner un look rustique ou classique, en m\u00e9tal de haute qualit\u00e9, elle donnera \u00e0 votre meuble une touche<\/p>\n","protected":false},"featured_media":408511,"template":"","meta":{"_joinchat":[]},"product_brand":[],"product_cat":[5189,983],"product_tag":[],"class_list":{"0":"post-323821","1":"product","2":"type-product","3":"status-publish","4":"has-post-thumbnail","6":"product_cat-boutons-et-poignees-tiroir-meuble","7":"product_cat-poignees-metal-antiques-de-tiroir","8":"pa_color-vieux-bronze-poignees-boutons-pieds-meuble-portamanteaux-mur-porte","9":"pa_tendencia-poignee-anneau-tiroir-meuble-classique","11":"first","12":"instock","13":"taxable","14":"shipping-taxable","15":"purchasable","16":"product-type-variable","17":"has-default-attributes","18":"wvs-archive-product-wrapper"},"_links":{"self":[{"href":"https:\/\/www.pomoline.com\/fr\/wp-json\/wp\/v2\/product\/323821","targetHints":{"allow":["GET"]}}],"collection":[{"href":"https:\/\/www.pomoline.com\/fr\/wp-json\/wp\/v2\/product"}],"about":[{"href":"https:\/\/www.pomoline.com\/fr\/wp-json\/wp\/v2\/types\/product"}],"wp:featuredmedia":[{"embeddable":true,"href":"https:\/\/www.pomoline.com\/fr\/wp-json\/wp\/v2\/media\/408511"}],"wp:attachment":[{"href":"https:\/\/www.pomoline.com\/fr\/wp-json\/wp\/v2\/media?parent=323821"}],"wp:term":[{"taxonomy":"product_brand","embeddable":true,"href":"https:\/\/www.pomoline.com\/fr\/wp-json\/wp\/v2\/product_brand?post=323821"},{"taxonomy":"product_cat","embeddable":true,"href":"https:\/\/www.pomoline.com\/fr\/wp-json\/wp\/v2\/product_cat?post=323821"},{"taxonomy":"product_tag","embeddable":true,"href":"https:\/\/www.pomoline.com\/fr\/wp-json\/wp\/v2\/product_tag?post=323821"}],"curies":[{"name":"wp","href":"https:\/\/api.w.org\/{rel}","templated":true}]}}