{"id":323829,"date":"2024-04-27T13:31:13","date_gmt":"2024-04-27T11:31:13","guid":{"rendered":"https:\/\/www.pomoline.com\/web-pruebas\/producto\/pomos-y-tiradores-de-metal-para-el-mueble-rustico-86x41x13mm-64mm\/"},"modified":"2025-03-13T22:07:27","modified_gmt":"2025-03-13T21:07:27","slug":"poignee-laiton-vielli-meuble-classique-pour-tiroir","status":"publish","type":"product","link":"https:\/\/www.pomoline.com\/fr\/produit\/poignee-laiton-vielli-meuble-classique-pour-tiroir\/","title":{"rendered":"POIGN\u00c9E LAITON VIELLI MEUBLE CLASSIQUE POUR TIROIR"},"content":{"rendered":"<p>Poign\u00e9es et boutons pour tiroirs de mobilier classique et vintage avec des finitions m\u00e9talliques telles que bronze, cuivre, vieil argent, laiton et fer. Ce mod\u00e8le particulier est le MOD 232 poign\u00e9e laiton vielli meuble classique pour tiroir<\/p>\n","protected":false},"excerpt":{"rendered":"<p>Poign\u00e9es et boutons pour tiroirs de mobilier classique et vintage avec des finitions m\u00e9talliques telles que bronze, cuivre, vieil argent, laiton et fer. Ce mod\u00e8le particulier est le MOD 232 poign\u00e9e laiton vielli meuble classique pour tiroir<\/p>\n","protected":false},"featured_media":408503,"template":"","meta":{"_joinchat":[]},"product_brand":[],"product_cat":[5189,983],"product_tag":[],"class_list":{"0":"post-323829","1":"product","2":"type-product","3":"status-publish","4":"has-post-thumbnail","6":"product_cat-boutons-et-poignees-tiroir-meuble","7":"product_cat-poignees-metal-antiques-de-tiroir","8":"pa_color-laiton-brosse-poignees-boutons-pieds-meuble-portamanteaux-mur-porte","9":"pa_distancia-agujeros-tornillos-poignees-64-mm-entre-trous-de-vis-tiroir-porte-meuble","10":"pa_distancia-agujeros-tornillos-poignees-96-mm-entre-trous-de-vis-tiroir-porte-meuble","11":"pa_tendencia-pognees-meuble-art-deco","13":"first","14":"instock","15":"taxable","16":"shipping-taxable","17":"purchasable","18":"product-type-variable","19":"has-default-attributes","20":"wvs-archive-product-wrapper"},"_links":{"self":[{"href":"https:\/\/www.pomoline.com\/fr\/wp-json\/wp\/v2\/product\/323829","targetHints":{"allow":["GET"]}}],"collection":[{"href":"https:\/\/www.pomoline.com\/fr\/wp-json\/wp\/v2\/product"}],"about":[{"href":"https:\/\/www.pomoline.com\/fr\/wp-json\/wp\/v2\/types\/product"}],"wp:featuredmedia":[{"embeddable":true,"href":"https:\/\/www.pomoline.com\/fr\/wp-json\/wp\/v2\/media\/408503"}],"wp:attachment":[{"href":"https:\/\/www.pomoline.com\/fr\/wp-json\/wp\/v2\/media?parent=323829"}],"wp:term":[{"taxonomy":"product_brand","embeddable":true,"href":"https:\/\/www.pomoline.com\/fr\/wp-json\/wp\/v2\/product_brand?post=323829"},{"taxonomy":"product_cat","embeddable":true,"href":"https:\/\/www.pomoline.com\/fr\/wp-json\/wp\/v2\/product_cat?post=323829"},{"taxonomy":"product_tag","embeddable":true,"href":"https:\/\/www.pomoline.com\/fr\/wp-json\/wp\/v2\/product_tag?post=323829"}],"curies":[{"name":"wp","href":"https:\/\/api.w.org\/{rel}","templated":true}]}}