{"id":323865,"date":"2024-04-27T13:32:35","date_gmt":"2024-04-27T11:32:35","guid":{"rendered":"https:\/\/www.pomoline.com\/web-pruebas\/producto\/tirador-anilla-laton-viejo-herrajes-mueble-cajon-77x42mm\/"},"modified":"2025-03-13T22:04:50","modified_gmt":"2025-03-13T21:04:50","slug":"anneau-bronze-vielli-poignee-de-meuble-77x42mm","status":"publish","type":"product","link":"https:\/\/www.pomoline.com\/fr\/produit\/anneau-bronze-vielli-poignee-de-meuble-77x42mm\/","title":{"rendered":"ANNEAU BRONZE VIELLI | POIGN\u00c9E DE MEUBLE 77x42MM"},"content":{"rendered":"<p>Poign\u00e9es et boutons pour tiroirs de mobilier classique et vintage avec des finitions m\u00e9talliques telles que bronze, cuivre, vieil argent, laiton et fer. Ce mod\u00e8le particulier est le MOD 221 anneau bronze vielli | poign\u00e9e de meuble 77x42mm<\/p>\n","protected":false},"excerpt":{"rendered":"<p>Poign\u00e9es et boutons pour tiroirs de mobilier classique et vintage avec des finitions m\u00e9talliques telles que bronze, cuivre, vieil argent, laiton et fer. Ce mod\u00e8le particulier est le MOD 221 anneau bronze vielli | poign\u00e9e de meuble 77x42mm<\/p>\n","protected":false},"featured_media":408467,"template":"","meta":{"_joinchat":[]},"product_brand":[],"product_cat":[5189,983],"product_tag":[],"class_list":{"0":"post-323865","1":"product","2":"type-product","3":"status-publish","4":"has-post-thumbnail","6":"product_cat-boutons-et-poignees-tiroir-meuble","7":"product_cat-poignees-metal-antiques-de-tiroir","8":"pa_color-vieux-bronze-poignees-boutons-pieds-meuble-portamanteaux-mur-porte","9":"pa_tendencia-poignee-anneau-tiroir-meuble-classique","11":"first","12":"instock","13":"taxable","14":"shipping-taxable","15":"purchasable","16":"product-type-variable","17":"has-default-attributes","18":"wvs-archive-product-wrapper"},"_links":{"self":[{"href":"https:\/\/www.pomoline.com\/fr\/wp-json\/wp\/v2\/product\/323865","targetHints":{"allow":["GET"]}}],"collection":[{"href":"https:\/\/www.pomoline.com\/fr\/wp-json\/wp\/v2\/product"}],"about":[{"href":"https:\/\/www.pomoline.com\/fr\/wp-json\/wp\/v2\/types\/product"}],"wp:featuredmedia":[{"embeddable":true,"href":"https:\/\/www.pomoline.com\/fr\/wp-json\/wp\/v2\/media\/408467"}],"wp:attachment":[{"href":"https:\/\/www.pomoline.com\/fr\/wp-json\/wp\/v2\/media?parent=323865"}],"wp:term":[{"taxonomy":"product_brand","embeddable":true,"href":"https:\/\/www.pomoline.com\/fr\/wp-json\/wp\/v2\/product_brand?post=323865"},{"taxonomy":"product_cat","embeddable":true,"href":"https:\/\/www.pomoline.com\/fr\/wp-json\/wp\/v2\/product_cat?post=323865"},{"taxonomy":"product_tag","embeddable":true,"href":"https:\/\/www.pomoline.com\/fr\/wp-json\/wp\/v2\/product_tag?post=323865"}],"curies":[{"name":"wp","href":"https:\/\/api.w.org\/{rel}","templated":true}]}}