{"id":323869,"date":"2024-04-27T13:32:41","date_gmt":"2024-04-27T11:32:41","guid":{"rendered":"https:\/\/www.pomoline.com\/web-pruebas\/producto\/tirador-bronce-patina-blanca-49mm-tiradores-vintage-mueble\/"},"modified":"2025-03-13T22:04:34","modified_gmt":"2025-03-13T21:04:34","slug":"poignee-bronze-avec-patinee-blanc-49mm-poignee-meuble-vintage","status":"publish","type":"product","link":"https:\/\/www.pomoline.com\/fr\/produit\/poignee-bronze-avec-patinee-blanc-49mm-poignee-meuble-vintage\/","title":{"rendered":"POIGN\u00c9E BRONZE AVEC PATIN\u00c9E BLANC 49MM| POIGN\u00c9E MEUBLE VINTAGE"},"content":{"rendered":"<p>Poign\u00e9es et boutons pour meubles de style vintage r\u00e9tro classique \u00e0 monter dans les tiroirs et les portes. Ce mod\u00e8le particulier est le MOD 220P poign\u00e9e bronze avec patin\u00e9e blanc 49mm| poign\u00e9e meuble vintage<\/p>\n","protected":false},"excerpt":{"rendered":"<p>Poign\u00e9es et boutons pour meubles de style vintage r\u00e9tro classique \u00e0 monter dans les tiroirs et les portes. Ce mod\u00e8le particulier est le MOD 220P poign\u00e9e bronze avec patin\u00e9e blanc 49mm| poign\u00e9e meuble vintage<\/p>\n","protected":false},"featured_media":408463,"template":"","meta":{"_joinchat":[]},"product_brand":[],"product_cat":[5189,979],"product_tag":[],"class_list":{"0":"post-323869","1":"product","2":"type-product","3":"status-publish","4":"has-post-thumbnail","6":"product_cat-boutons-et-poignees-tiroir-meuble","7":"product_cat-poignees-meuble-style-vintage-chic","8":"pa_color-patine-blanche-doree-poignees-boutons-pieds-meuble-portamanteaux-mur-porte","9":"pa_tendencia-boutons-poignees-meuble-shabby-chic","11":"first","12":"instock","13":"taxable","14":"shipping-taxable","15":"purchasable","16":"product-type-variable","17":"has-default-attributes","18":"wvs-archive-product-wrapper"},"_links":{"self":[{"href":"https:\/\/www.pomoline.com\/fr\/wp-json\/wp\/v2\/product\/323869","targetHints":{"allow":["GET"]}}],"collection":[{"href":"https:\/\/www.pomoline.com\/fr\/wp-json\/wp\/v2\/product"}],"about":[{"href":"https:\/\/www.pomoline.com\/fr\/wp-json\/wp\/v2\/types\/product"}],"wp:featuredmedia":[{"embeddable":true,"href":"https:\/\/www.pomoline.com\/fr\/wp-json\/wp\/v2\/media\/408463"}],"wp:attachment":[{"href":"https:\/\/www.pomoline.com\/fr\/wp-json\/wp\/v2\/media?parent=323869"}],"wp:term":[{"taxonomy":"product_brand","embeddable":true,"href":"https:\/\/www.pomoline.com\/fr\/wp-json\/wp\/v2\/product_brand?post=323869"},{"taxonomy":"product_cat","embeddable":true,"href":"https:\/\/www.pomoline.com\/fr\/wp-json\/wp\/v2\/product_cat?post=323869"},{"taxonomy":"product_tag","embeddable":true,"href":"https:\/\/www.pomoline.com\/fr\/wp-json\/wp\/v2\/product_tag?post=323869"}],"curies":[{"name":"wp","href":"https:\/\/api.w.org\/{rel}","templated":true}]}}