{"id":323893,"date":"2024-04-27T13:33:33","date_gmt":"2024-04-27T11:33:33","guid":{"rendered":"https:\/\/www.pomoline.com\/web-pruebas\/producto\/tirador-asa-laton-viejo-herrajes-mueble-clasico-135x33x24mm\/"},"modified":"2025-03-13T22:02:51","modified_gmt":"2025-03-13T21:02:51","slug":"poignee-bronze-vielli-porte-meuble-classique-135x33x24mm","status":"publish","type":"product","link":"https:\/\/www.pomoline.com\/fr\/produit\/poignee-bronze-vielli-porte-meuble-classique-135x33x24mm\/","title":{"rendered":"POIGN\u00c9E BRONZE VIELLI | PORTE MEUBLE CLASSIQUE 135x33x24mm"},"content":{"rendered":"<p>Poign\u00e9es et boutons pour tiroirs de mobilier classique et vintage avec des finitions m\u00e9talliques telles que bronze, cuivre, vieil argent, laiton et fer. Ce mod\u00e8le particulier est le MOD 217B poign\u00e9e bronze vielli | porte meuble classique 135x33x24mm<\/p>\n","protected":false},"excerpt":{"rendered":"<p>Poign\u00e9es et boutons pour tiroirs de mobilier classique et vintage avec des finitions m\u00e9talliques telles que bronze, cuivre, vieil argent, laiton et fer. Ce mod\u00e8le particulier est le MOD 217B poign\u00e9e bronze vielli | porte meuble classique 135x33x24mm<\/p>\n","protected":false},"featured_media":408439,"template":"","meta":{"_joinchat":[]},"product_brand":[],"product_cat":[5189,983],"product_tag":[],"class_list":{"0":"post-323893","1":"product","2":"type-product","3":"status-publish","4":"has-post-thumbnail","6":"product_cat-boutons-et-poignees-tiroir-meuble","7":"product_cat-poignees-metal-antiques-de-tiroir","8":"pa_color-vieux-bronze-poignees-boutons-pieds-meuble-portamanteaux-mur-porte","9":"pa_tendencia-poignee-tiroir-meuble-classique","11":"first","12":"instock","13":"taxable","14":"shipping-taxable","15":"purchasable","16":"product-type-variable","17":"has-default-attributes","18":"wvs-archive-product-wrapper"},"_links":{"self":[{"href":"https:\/\/www.pomoline.com\/fr\/wp-json\/wp\/v2\/product\/323893","targetHints":{"allow":["GET"]}}],"collection":[{"href":"https:\/\/www.pomoline.com\/fr\/wp-json\/wp\/v2\/product"}],"about":[{"href":"https:\/\/www.pomoline.com\/fr\/wp-json\/wp\/v2\/types\/product"}],"wp:featuredmedia":[{"embeddable":true,"href":"https:\/\/www.pomoline.com\/fr\/wp-json\/wp\/v2\/media\/408439"}],"wp:attachment":[{"href":"https:\/\/www.pomoline.com\/fr\/wp-json\/wp\/v2\/media?parent=323893"}],"wp:term":[{"taxonomy":"product_brand","embeddable":true,"href":"https:\/\/www.pomoline.com\/fr\/wp-json\/wp\/v2\/product_brand?post=323893"},{"taxonomy":"product_cat","embeddable":true,"href":"https:\/\/www.pomoline.com\/fr\/wp-json\/wp\/v2\/product_cat?post=323893"},{"taxonomy":"product_tag","embeddable":true,"href":"https:\/\/www.pomoline.com\/fr\/wp-json\/wp\/v2\/product_tag?post=323893"}],"curies":[{"name":"wp","href":"https:\/\/api.w.org\/{rel}","templated":true}]}}