{"id":323921,"date":"2024-04-27T13:34:40","date_gmt":"2024-04-27T11:34:40","guid":{"rendered":"https:\/\/www.pomoline.com\/web-pruebas\/producto\/herraje-anilla-tirador-de-mueble-metal-acabado-laton-viejo-cajonera\/"},"modified":"2025-03-13T22:00:50","modified_gmt":"2025-03-13T21:00:50","slug":"anneau-poignee-de-meuble-bronze-vieilli","status":"publish","type":"product","link":"https:\/\/www.pomoline.com\/fr\/produit\/anneau-poignee-de-meuble-bronze-vieilli\/","title":{"rendered":"ANNEAU POIGN\u00c9E DE MEUBLE BRONZE VIEILLI"},"content":{"rendered":"<p>Quincaillerie de poign\u00e9e de meuble en m\u00e9tal anneau et pendule finition laiton vieilli pour commode, armoire ou commode dans un style classique pour des meubles intemporels toujours \u00e9l\u00e9gants et au style durable. Fabriqu\u00e9 avec des mat\u00e9riaux et un design de<\/p>\n","protected":false},"excerpt":{"rendered":"<p>Quincaillerie de poign\u00e9e de meuble en m\u00e9tal anneau et pendule finition laiton vieilli pour commode, armoire ou commode dans un style classique pour des meubles intemporels toujours \u00e9l\u00e9gants et au style durable. Fabriqu\u00e9 avec des mat\u00e9riaux et un design de<\/p>\n","protected":false},"featured_media":408411,"template":"","meta":{"_joinchat":[]},"product_brand":[],"product_cat":[5189,983],"product_tag":[],"class_list":{"0":"post-323921","1":"product","2":"type-product","3":"status-publish","4":"has-post-thumbnail","6":"product_cat-boutons-et-poignees-tiroir-meuble","7":"product_cat-poignees-metal-antiques-de-tiroir","8":"pa_color-vieux-laiton-poignees-boutons-pieds-meuble-portamanteaux-mur-porte","9":"pa_tendencia-pognees-meuble-art-deco","11":"first","12":"instock","13":"taxable","14":"shipping-taxable","15":"purchasable","16":"product-type-variable","17":"has-default-attributes","18":"wvs-archive-product-wrapper"},"_links":{"self":[{"href":"https:\/\/www.pomoline.com\/fr\/wp-json\/wp\/v2\/product\/323921","targetHints":{"allow":["GET"]}}],"collection":[{"href":"https:\/\/www.pomoline.com\/fr\/wp-json\/wp\/v2\/product"}],"about":[{"href":"https:\/\/www.pomoline.com\/fr\/wp-json\/wp\/v2\/types\/product"}],"wp:featuredmedia":[{"embeddable":true,"href":"https:\/\/www.pomoline.com\/fr\/wp-json\/wp\/v2\/media\/408411"}],"wp:attachment":[{"href":"https:\/\/www.pomoline.com\/fr\/wp-json\/wp\/v2\/media?parent=323921"}],"wp:term":[{"taxonomy":"product_brand","embeddable":true,"href":"https:\/\/www.pomoline.com\/fr\/wp-json\/wp\/v2\/product_brand?post=323921"},{"taxonomy":"product_cat","embeddable":true,"href":"https:\/\/www.pomoline.com\/fr\/wp-json\/wp\/v2\/product_cat?post=323921"},{"taxonomy":"product_tag","embeddable":true,"href":"https:\/\/www.pomoline.com\/fr\/wp-json\/wp\/v2\/product_tag?post=323921"}],"curies":[{"name":"wp","href":"https:\/\/api.w.org\/{rel}","templated":true}]}}