{"id":323949,"date":"2024-04-27T13:35:43","date_gmt":"2024-04-27T11:35:43","guid":{"rendered":"https:\/\/www.pomoline.com\/web-pruebas\/producto\/tirador-asa-laton-viejo-herrajes-mueble-clasico-96mm-vintage\/"},"modified":"2025-03-13T21:58:48","modified_gmt":"2025-03-13T20:58:48","slug":"poignee-vieux-laiton-porte-meuble-classique-96mm-vintage","status":"publish","type":"product","link":"https:\/\/www.pomoline.com\/fr\/produit\/poignee-vieux-laiton-porte-meuble-classique-96mm-vintage\/","title":{"rendered":"POIGN\u00c9E VIEUX LAITON | PORTE MEUBLE CLASSIQUE | 96MM"},"content":{"rendered":"<p>Poign\u00e9es et boutons de style classique pour meubles rustiques, vintage et vieillis. Nous les exp\u00e9dions avec les vis de montage fournies et pouvons \u00eatre mont\u00e9s sur les portes et les tiroirs des armoires. Ce mod\u00e8le particulier est le MOD 203 poign\u00e9e vieux l<\/p>\n","protected":false},"excerpt":{"rendered":"<p>Poign\u00e9es et boutons de style classique pour meubles rustiques, vintage et vieillis. Nous les exp\u00e9dions avec les vis de montage fournies et pouvons \u00eatre mont\u00e9s sur les portes et les tiroirs des armoires. Ce mod\u00e8le particulier est le MOD 203 poign\u00e9e vieux l<\/p>\n","protected":false},"featured_media":408383,"template":"","meta":{"_joinchat":[]},"product_brand":[],"product_cat":[5189,967],"product_tag":[],"class_list":{"0":"post-323949","1":"product","2":"type-product","3":"status-publish","4":"has-post-thumbnail","6":"product_cat-boutons-et-poignees-tiroir-meuble","7":"product_cat-poignees-laiton-meuble-classique","8":"pa_color-vieux-laiton-poignees-boutons-pieds-meuble-portamanteaux-mur-porte","9":"pa_distancia-agujeros-tornillos-poignees-96-mm-entre-trous-de-vis-tiroir-porte-meuble","10":"pa_tendencia-pognees-meuble-art-deco","12":"first","13":"outofstock","14":"taxable","15":"shipping-taxable","16":"purchasable","17":"product-type-variable","18":"has-default-attributes","19":"wvs-archive-product-wrapper"},"_links":{"self":[{"href":"https:\/\/www.pomoline.com\/fr\/wp-json\/wp\/v2\/product\/323949","targetHints":{"allow":["GET"]}}],"collection":[{"href":"https:\/\/www.pomoline.com\/fr\/wp-json\/wp\/v2\/product"}],"about":[{"href":"https:\/\/www.pomoline.com\/fr\/wp-json\/wp\/v2\/types\/product"}],"wp:featuredmedia":[{"embeddable":true,"href":"https:\/\/www.pomoline.com\/fr\/wp-json\/wp\/v2\/media\/408383"}],"wp:attachment":[{"href":"https:\/\/www.pomoline.com\/fr\/wp-json\/wp\/v2\/media?parent=323949"}],"wp:term":[{"taxonomy":"product_brand","embeddable":true,"href":"https:\/\/www.pomoline.com\/fr\/wp-json\/wp\/v2\/product_brand?post=323949"},{"taxonomy":"product_cat","embeddable":true,"href":"https:\/\/www.pomoline.com\/fr\/wp-json\/wp\/v2\/product_cat?post=323949"},{"taxonomy":"product_tag","embeddable":true,"href":"https:\/\/www.pomoline.com\/fr\/wp-json\/wp\/v2\/product_tag?post=323949"}],"curies":[{"name":"wp","href":"https:\/\/api.w.org\/{rel}","templated":true}]}}