{"id":323965,"date":"2024-04-27T13:36:23","date_gmt":"2024-04-27T11:36:23","guid":{"rendered":"https:\/\/www.pomoline.com\/web-pruebas\/producto\/tirador-asa-laton-viejo-herrajes-mueble-clasico-120x19mm-96mm\/"},"modified":"2025-03-13T21:57:39","modified_gmt":"2025-03-13T20:57:39","slug":"poignee-vieux-laiton-porte-meuble-classique-120x19mm-96mm","status":"publish","type":"product","link":"https:\/\/www.pomoline.com\/fr\/produit\/poignee-vieux-laiton-porte-meuble-classique-120x19mm-96mm\/","title":{"rendered":"POIGN\u00c9E VIEUX LAITON | PORTE MEUBLE CLASSIQUE 120x19MM | 96MM"},"content":{"rendered":"<p>Poign\u00e9es et boutons de style classique pour meubles rustiques, vintage et vieillis. Nous les exp\u00e9dions avec les vis de montage fournies et pouvons \u00eatre mont\u00e9s sur les portes et les tiroirs des armoires. Ce mod\u00e8le particulier est le MOD 201 poign\u00e9e vieux l<\/p>\n","protected":false},"excerpt":{"rendered":"<p>Poign\u00e9es et boutons de style classique pour meubles rustiques, vintage et vieillis. Nous les exp\u00e9dions avec les vis de montage fournies et pouvons \u00eatre mont\u00e9s sur les portes et les tiroirs des armoires. Ce mod\u00e8le particulier est le MOD 201 poign\u00e9e vieux l<\/p>\n","protected":false},"featured_media":408367,"template":"","meta":{"_joinchat":[]},"product_brand":[],"product_cat":[5189,967],"product_tag":[],"class_list":{"0":"post-323965","1":"product","2":"type-product","3":"status-publish","4":"has-post-thumbnail","6":"product_cat-boutons-et-poignees-tiroir-meuble","7":"product_cat-poignees-laiton-meuble-classique","8":"pa_color-vieux-laiton-poignees-boutons-pieds-meuble-portamanteaux-mur-porte","9":"pa_distancia-agujeros-tornillos-poignees-96-mm-entre-trous-de-vis-tiroir-porte-meuble","10":"pa_tendencia-pognees-meuble-art-deco","12":"first","13":"instock","14":"taxable","15":"shipping-taxable","16":"purchasable","17":"product-type-variable","18":"has-default-attributes","19":"wvs-archive-product-wrapper"},"_links":{"self":[{"href":"https:\/\/www.pomoline.com\/fr\/wp-json\/wp\/v2\/product\/323965","targetHints":{"allow":["GET"]}}],"collection":[{"href":"https:\/\/www.pomoline.com\/fr\/wp-json\/wp\/v2\/product"}],"about":[{"href":"https:\/\/www.pomoline.com\/fr\/wp-json\/wp\/v2\/types\/product"}],"wp:featuredmedia":[{"embeddable":true,"href":"https:\/\/www.pomoline.com\/fr\/wp-json\/wp\/v2\/media\/408367"}],"wp:attachment":[{"href":"https:\/\/www.pomoline.com\/fr\/wp-json\/wp\/v2\/media?parent=323965"}],"wp:term":[{"taxonomy":"product_brand","embeddable":true,"href":"https:\/\/www.pomoline.com\/fr\/wp-json\/wp\/v2\/product_brand?post=323965"},{"taxonomy":"product_cat","embeddable":true,"href":"https:\/\/www.pomoline.com\/fr\/wp-json\/wp\/v2\/product_cat?post=323965"},{"taxonomy":"product_tag","embeddable":true,"href":"https:\/\/www.pomoline.com\/fr\/wp-json\/wp\/v2\/product_tag?post=323965"}],"curies":[{"name":"wp","href":"https:\/\/api.w.org\/{rel}","templated":true}]}}