{"id":323985,"date":"2024-04-27T13:36:51","date_gmt":"2024-04-27T11:36:51","guid":{"rendered":"https:\/\/www.pomoline.com\/web-pruebas\/producto\/tirador-concha-laton-viejo-cajon-mueble-clasico-ap123\/"},"modified":"2025-03-13T21:56:11","modified_gmt":"2025-03-13T20:56:11","slug":"poignee-coquille-vieux-laiton-pour-tiroir-meuble-classique","status":"publish","type":"product","link":"https:\/\/www.pomoline.com\/fr\/produit\/poignee-coquille-vieux-laiton-pour-tiroir-meuble-classique\/","title":{"rendered":"POIGN\u00c9E COQUILLE VIEUX LAITON POUR TIROIR MEUBLE CLASSIQUE"},"content":{"rendered":"<p>Poign\u00e9es et boutons de style classique pour meubles rustiques, vintage et vieillis. Nous les exp\u00e9dions avec les vis de montage fournies et pouvons \u00eatre mont\u00e9s sur les portes et les tiroirs des armoires. Ce mod\u00e8le particulier est le MOD 177 poign\u00e9e coquill<\/p>\n","protected":false},"excerpt":{"rendered":"<p>Poign\u00e9es et boutons de style classique pour meubles rustiques, vintage et vieillis. Nous les exp\u00e9dions avec les vis de montage fournies et pouvons \u00eatre mont\u00e9s sur les portes et les tiroirs des armoires. Ce mod\u00e8le particulier est le MOD 177 poign\u00e9e coquill<\/p>\n","protected":false},"featured_media":408347,"template":"","meta":{"_joinchat":[]},"product_brand":[],"product_cat":[5189,967],"product_tag":[],"class_list":{"0":"post-323985","1":"product","2":"type-product","3":"status-publish","4":"has-post-thumbnail","6":"product_cat-boutons-et-poignees-tiroir-meuble","7":"product_cat-poignees-laiton-meuble-classique","8":"pa_color-noir-poignees-boutons-pieds-meuble-portamanteaux-mur-porte","9":"pa_color-cuivre-poignees-boutons-pieds-meuble-portamanteaux-mur-porte","10":"pa_color-or-inca-mat-poignees-boutons-pieds-meuble-portamanteaux-mur-porte","11":"pa_color-vieil-argent-poignees-boutons-pieds-meuble-portamanteaux-mur-porte","12":"pa_color-vieux-laiton-poignees-boutons-pieds-meuble-portamanteaux-mur-porte","13":"pa_distancia-agujeros-tornillos-poignees-64-mm-entre-trous-de-vis-tiroir-porte-meuble","14":"pa_tendencia-poignee-coquille-tiroir-meuble-classique","16":"first","17":"instock","18":"taxable","19":"shipping-taxable","20":"purchasable","21":"product-type-variable","22":"has-default-attributes","23":"wvs-archive-product-wrapper"},"_links":{"self":[{"href":"https:\/\/www.pomoline.com\/fr\/wp-json\/wp\/v2\/product\/323985","targetHints":{"allow":["GET"]}}],"collection":[{"href":"https:\/\/www.pomoline.com\/fr\/wp-json\/wp\/v2\/product"}],"about":[{"href":"https:\/\/www.pomoline.com\/fr\/wp-json\/wp\/v2\/types\/product"}],"wp:featuredmedia":[{"embeddable":true,"href":"https:\/\/www.pomoline.com\/fr\/wp-json\/wp\/v2\/media\/408347"}],"wp:attachment":[{"href":"https:\/\/www.pomoline.com\/fr\/wp-json\/wp\/v2\/media?parent=323985"}],"wp:term":[{"taxonomy":"product_brand","embeddable":true,"href":"https:\/\/www.pomoline.com\/fr\/wp-json\/wp\/v2\/product_brand?post=323985"},{"taxonomy":"product_cat","embeddable":true,"href":"https:\/\/www.pomoline.com\/fr\/wp-json\/wp\/v2\/product_cat?post=323985"},{"taxonomy":"product_tag","embeddable":true,"href":"https:\/\/www.pomoline.com\/fr\/wp-json\/wp\/v2\/product_tag?post=323985"}],"curies":[{"name":"wp","href":"https:\/\/api.w.org\/{rel}","templated":true}]}}