{"id":324013,"date":"2024-04-27T13:37:37","date_gmt":"2024-04-27T11:37:37","guid":{"rendered":"https:\/\/www.pomoline.com\/web-pruebas\/producto\/tirador-pendulo-laton-viejo-cajon-mueble-herraje-clasico-vintage\/"},"modified":"2025-04-30T07:34:17","modified_gmt":"2025-04-30T05:34:17","slug":"poignee-pendule-vieux-laiton-pour-tiroir-meuble-classique","status":"publish","type":"product","link":"https:\/\/www.pomoline.com\/fr\/produit\/poignee-pendule-vieux-laiton-pour-tiroir-meuble-classique\/","title":{"rendered":"POIGN\u00c9E PENDULE VIEUX LAITON POUR TIROIR MEUBLE CLASSIQUE"},"content":{"rendered":"<p>Poign\u00e9es et boutons pour tiroirs de mobilier classique et vintage avec des finitions m\u00e9talliques telles que bronze, cuivre, vieil argent, laiton et fer. Ce mod\u00e8le particulier est le MOD 170 poign\u00e9e pendule vieux laiton pour tiroir meuble classique<\/p>\n","protected":false},"excerpt":{"rendered":"<p>Poign\u00e9es et boutons pour tiroirs de mobilier classique et vintage avec des finitions m\u00e9talliques telles que bronze, cuivre, vieil argent, laiton et fer. Ce mod\u00e8le particulier est le MOD 170 poign\u00e9e pendule vieux laiton pour tiroir meuble classique<\/p>\n","protected":false},"featured_media":408318,"template":"","meta":{"_joinchat":[]},"product_brand":[],"product_cat":[5189,983],"product_tag":[],"class_list":{"0":"post-324013","1":"product","2":"type-product","3":"status-publish","4":"has-post-thumbnail","6":"product_cat-boutons-et-poignees-tiroir-meuble","7":"product_cat-poignees-metal-antiques-de-tiroir","8":"pa_color-vieux-bronze-poignees-boutons-pieds-meuble-portamanteaux-mur-porte","9":"pa_tendencia-boutonts-et-poignees-meuble-classique","10":"pa_tendencia-poignee-tiroir-meuble-classique","12":"first","13":"instock","14":"taxable","15":"shipping-taxable","16":"purchasable","17":"product-type-variable","18":"has-default-attributes","19":"wvs-archive-product-wrapper"},"_links":{"self":[{"href":"https:\/\/www.pomoline.com\/fr\/wp-json\/wp\/v2\/product\/324013","targetHints":{"allow":["GET"]}}],"collection":[{"href":"https:\/\/www.pomoline.com\/fr\/wp-json\/wp\/v2\/product"}],"about":[{"href":"https:\/\/www.pomoline.com\/fr\/wp-json\/wp\/v2\/types\/product"}],"wp:featuredmedia":[{"embeddable":true,"href":"https:\/\/www.pomoline.com\/fr\/wp-json\/wp\/v2\/media\/408318"}],"wp:attachment":[{"href":"https:\/\/www.pomoline.com\/fr\/wp-json\/wp\/v2\/media?parent=324013"}],"wp:term":[{"taxonomy":"product_brand","embeddable":true,"href":"https:\/\/www.pomoline.com\/fr\/wp-json\/wp\/v2\/product_brand?post=324013"},{"taxonomy":"product_cat","embeddable":true,"href":"https:\/\/www.pomoline.com\/fr\/wp-json\/wp\/v2\/product_cat?post=324013"},{"taxonomy":"product_tag","embeddable":true,"href":"https:\/\/www.pomoline.com\/fr\/wp-json\/wp\/v2\/product_tag?post=324013"}],"curies":[{"name":"wp","href":"https:\/\/api.w.org\/{rel}","templated":true}]}}