{"id":324029,"date":"2024-04-27T13:38:00","date_gmt":"2024-04-27T11:38:00","guid":{"rendered":"https:\/\/www.pomoline.com\/web-pruebas\/producto\/tirador-pomo-mueble-hueso-con-madera-hecho-a-mano-diseno-colonial\/"},"modified":"2025-03-13T21:53:05","modified_gmt":"2025-03-13T20:53:05","slug":"bouton-de-meuble-estrella-os-naturel-bois-diam-37mm","status":"publish","type":"product","link":"https:\/\/www.pomoline.com\/fr\/produit\/bouton-de-meuble-estrella-os-naturel-bois-diam-37mm\/","title":{"rendered":"BOUTON DE MEUBLE ESTRELLA OS NATUREL | BOIS DIAM |37MM"},"content":{"rendered":"<p>Boutons et poign\u00e9es de meubles fabriqu\u00e9s en amano avec os naturel. Ce sont des pi\u00e8ces uniques pour les tiroirs des cabinets ethniques ou coloniaux. Ce mod\u00e8le particulier est le MOD 109 bouton de meuble estrella os naturel | bois diam |37mm<\/p>\n","protected":false},"excerpt":{"rendered":"<p>Boutons et poign\u00e9es de meubles fabriqu\u00e9s en amano avec os naturel. Ce sont des pi\u00e8ces uniques pour les tiroirs des cabinets ethniques ou coloniaux. Ce mod\u00e8le particulier est le MOD 109 bouton de meuble estrella os naturel | bois diam |37mm<\/p>\n","protected":false},"featured_media":408302,"template":"","meta":{"_joinchat":[]},"product_brand":[],"product_cat":[5189,975],"product_tag":[],"class_list":{"0":"post-324029","1":"product","2":"type-product","3":"status-publish","4":"has-post-thumbnail","6":"product_cat-boutons-et-poignees-tiroir-meuble","7":"product_cat-poignees-boutons-meuble-style-ethnique-rustique","8":"pa_color-os-poignees-boutons-pieds-meuble-portamanteaux-mur-porte","9":"pa_tendencia-boutonts-et-poignees-meuble-ethnique","11":"first","12":"instock","13":"taxable","14":"shipping-taxable","15":"purchasable","16":"product-type-variable","17":"has-default-attributes","18":"wvs-archive-product-wrapper"},"_links":{"self":[{"href":"https:\/\/www.pomoline.com\/fr\/wp-json\/wp\/v2\/product\/324029","targetHints":{"allow":["GET"]}}],"collection":[{"href":"https:\/\/www.pomoline.com\/fr\/wp-json\/wp\/v2\/product"}],"about":[{"href":"https:\/\/www.pomoline.com\/fr\/wp-json\/wp\/v2\/types\/product"}],"wp:featuredmedia":[{"embeddable":true,"href":"https:\/\/www.pomoline.com\/fr\/wp-json\/wp\/v2\/media\/408302"}],"wp:attachment":[{"href":"https:\/\/www.pomoline.com\/fr\/wp-json\/wp\/v2\/media?parent=324029"}],"wp:term":[{"taxonomy":"product_brand","embeddable":true,"href":"https:\/\/www.pomoline.com\/fr\/wp-json\/wp\/v2\/product_brand?post=324029"},{"taxonomy":"product_cat","embeddable":true,"href":"https:\/\/www.pomoline.com\/fr\/wp-json\/wp\/v2\/product_cat?post=324029"},{"taxonomy":"product_tag","embeddable":true,"href":"https:\/\/www.pomoline.com\/fr\/wp-json\/wp\/v2\/product_tag?post=324029"}],"curies":[{"name":"wp","href":"https:\/\/api.w.org\/{rel}","templated":true}]}}