{"id":324037,"date":"2024-04-27T13:38:10","date_gmt":"2024-04-27T11:38:10","guid":{"rendered":"https:\/\/www.pomoline.com\/web-pruebas\/producto\/tirador-pomo-con-placa-de-laton-para-armario-y-puerta\/"},"modified":"2025-03-13T21:52:32","modified_gmt":"2025-03-13T20:52:32","slug":"poignee-de-porte-coulissante-laiton-rond-et-plaque","status":"publish","type":"product","link":"https:\/\/www.pomoline.com\/fr\/produit\/poignee-de-porte-coulissante-laiton-rond-et-plaque\/","title":{"rendered":"POIGN\u00c9E DE PORTE COULISSANTE LAITON ROND ET PLAQUE"},"content":{"rendered":"<p>Poign\u00e9es pour porte d&rsquo;armoire et tiroir int\u00e9rieur avec tous les accessoires de montage n\u00e9cessaires et avec une tr\u00e8s bonne finition m\u00e9tallique. Ce mod\u00e8le particulier est le MOD 1070-14 poign\u00e9e de porte coulissante laiton rond et plaque<\/p>\n","protected":false},"excerpt":{"rendered":"<p>Poign\u00e9es pour porte d&rsquo;armoire et tiroir int\u00e9rieur avec tous les accessoires de montage n\u00e9cessaires et avec une tr\u00e8s bonne finition m\u00e9tallique. Ce mod\u00e8le particulier est le MOD 1070-14 poign\u00e9e de porte coulissante laiton rond et plaque<\/p>\n","protected":false},"featured_media":408294,"template":"","meta":{"_joinchat":[]},"product_brand":[],"product_cat":[5355,5357,1015],"product_tag":[],"class_list":{"0":"post-324037","1":"product","2":"type-product","3":"status-publish","4":"has-post-thumbnail","6":"product_cat-ofertas","7":"product_cat-ofertas-fr","8":"product_cat-poignees-de-porte","9":"pa_color-laiton-brosse-poignees-boutons-pieds-meuble-portamanteaux-mur-porte","10":"pa_tendencia-poignees-armoire","12":"first","13":"instock","14":"sale","15":"taxable","16":"shipping-taxable","17":"purchasable","18":"product-type-variable","19":"has-default-attributes","20":"wvs-archive-product-wrapper"},"_links":{"self":[{"href":"https:\/\/www.pomoline.com\/fr\/wp-json\/wp\/v2\/product\/324037","targetHints":{"allow":["GET"]}}],"collection":[{"href":"https:\/\/www.pomoline.com\/fr\/wp-json\/wp\/v2\/product"}],"about":[{"href":"https:\/\/www.pomoline.com\/fr\/wp-json\/wp\/v2\/types\/product"}],"wp:featuredmedia":[{"embeddable":true,"href":"https:\/\/www.pomoline.com\/fr\/wp-json\/wp\/v2\/media\/408294"}],"wp:attachment":[{"href":"https:\/\/www.pomoline.com\/fr\/wp-json\/wp\/v2\/media?parent=324037"}],"wp:term":[{"taxonomy":"product_brand","embeddable":true,"href":"https:\/\/www.pomoline.com\/fr\/wp-json\/wp\/v2\/product_brand?post=324037"},{"taxonomy":"product_cat","embeddable":true,"href":"https:\/\/www.pomoline.com\/fr\/wp-json\/wp\/v2\/product_cat?post=324037"},{"taxonomy":"product_tag","embeddable":true,"href":"https:\/\/www.pomoline.com\/fr\/wp-json\/wp\/v2\/product_tag?post=324037"}],"curies":[{"name":"wp","href":"https:\/\/api.w.org\/{rel}","templated":true}]}}