{"id":324057,"date":"2024-04-27T13:38:40","date_gmt":"2024-04-27T11:38:40","guid":{"rendered":"https:\/\/www.pomoline.com\/web-pruebas\/producto\/pomo-laton-decorado-tirador-etnico-mueble-arabesque\/"},"modified":"2025-03-13T21:51:24","modified_gmt":"2025-03-13T20:51:24","slug":"bouton-laiton-decore-pognee-meuble-arabesque","status":"publish","type":"product","link":"https:\/\/www.pomoline.com\/fr\/produit\/bouton-laiton-decore-pognee-meuble-arabesque\/","title":{"rendered":"BOUTON LAITON D\u00c9COR\u00c9 | POGN\u00c9E MEUBLE ARABESQUE"},"content":{"rendered":"<p>Boutons et poign\u00e9es pour tiroir style rustique shabby chic arabesque. Les dessins sont beaux et con\u00e7us pour cr\u00e9er une atmosph\u00e8re coloniale \u00e9l\u00e9gante. Ce mod\u00e8le particulier est le MOD 1065 bouton laiton d\u00e9cor\u00e9 | pogn\u00e9e meuble arabesque<\/p>\n","protected":false},"excerpt":{"rendered":"<p>Boutons et poign\u00e9es pour tiroir style rustique shabby chic arabesque. Les dessins sont beaux et con\u00e7us pour cr\u00e9er une atmosph\u00e8re coloniale \u00e9l\u00e9gante. Ce mod\u00e8le particulier est le MOD 1065 bouton laiton d\u00e9cor\u00e9 | pogn\u00e9e meuble arabesque<\/p>\n","protected":false},"featured_media":408278,"template":"","meta":{"_joinchat":[]},"product_brand":[],"product_cat":[5189,979],"product_tag":[],"class_list":{"0":"post-324057","1":"product","2":"type-product","3":"status-publish","4":"has-post-thumbnail","6":"product_cat-boutons-et-poignees-tiroir-meuble","7":"product_cat-poignees-meuble-style-vintage-chic","8":"pa_color-vieux-bronze-poignees-boutons-pieds-meuble-portamanteaux-mur-porte","9":"pa_tendencia-boutonts-et-poignees-meuble-ethnique","11":"first","12":"instock","13":"taxable","14":"shipping-taxable","15":"purchasable","16":"product-type-variable","17":"has-default-attributes","18":"wvs-archive-product-wrapper"},"_links":{"self":[{"href":"https:\/\/www.pomoline.com\/fr\/wp-json\/wp\/v2\/product\/324057","targetHints":{"allow":["GET"]}}],"collection":[{"href":"https:\/\/www.pomoline.com\/fr\/wp-json\/wp\/v2\/product"}],"about":[{"href":"https:\/\/www.pomoline.com\/fr\/wp-json\/wp\/v2\/types\/product"}],"wp:featuredmedia":[{"embeddable":true,"href":"https:\/\/www.pomoline.com\/fr\/wp-json\/wp\/v2\/media\/408278"}],"wp:attachment":[{"href":"https:\/\/www.pomoline.com\/fr\/wp-json\/wp\/v2\/media?parent=324057"}],"wp:term":[{"taxonomy":"product_brand","embeddable":true,"href":"https:\/\/www.pomoline.com\/fr\/wp-json\/wp\/v2\/product_brand?post=324057"},{"taxonomy":"product_cat","embeddable":true,"href":"https:\/\/www.pomoline.com\/fr\/wp-json\/wp\/v2\/product_cat?post=324057"},{"taxonomy":"product_tag","embeddable":true,"href":"https:\/\/www.pomoline.com\/fr\/wp-json\/wp\/v2\/product_tag?post=324057"}],"curies":[{"name":"wp","href":"https:\/\/api.w.org\/{rel}","templated":true}]}}