{"id":324069,"date":"2024-04-27T13:38:54","date_gmt":"2024-04-27T11:38:54","guid":{"rendered":"https:\/\/www.pomoline.com\/web-pruebas\/producto\/tirador-asa-cromo-con-grabado-laser-hojas-mueble-diseno-moderno\/"},"modified":"2025-03-13T21:50:33","modified_gmt":"2025-03-13T20:50:33","slug":"poignee-chrome-grave-a-laser-feuilles-meuble-moderne-conception","status":"publish","type":"product","link":"https:\/\/www.pomoline.com\/fr\/produit\/poignee-chrome-grave-a-laser-feuilles-meuble-moderne-conception\/","title":{"rendered":"POIGN\u00c9E CHROM\u00c9 GRAV\u00c9 A LASER FEUILLES | MEUBLE MODERNE CONCEPTION"},"content":{"rendered":"<p>\u00c9l\u00e9gant bouton de meuble en m\u00e9tal brillant avec une gravure au laser d&rsquo;une figure de feuilles, pour cr\u00e9er une atmosph\u00e8re sophistiqu\u00e9e et faire ressortir votre meuble, de haute qualit\u00e9 et de fabrication en Europe, il offre un look classique et se combine a<\/p>\n","protected":false},"excerpt":{"rendered":"<p>\u00c9l\u00e9gant bouton de meuble en m\u00e9tal brillant avec une gravure au laser d&rsquo;une figure de feuilles, pour cr\u00e9er une atmosph\u00e8re sophistiqu\u00e9e et faire ressortir votre meuble, de haute qualit\u00e9 et de fabrication en Europe, il offre un look classique et se combine a<\/p>\n","protected":false},"featured_media":408266,"template":"","meta":{"_joinchat":[]},"product_brand":[],"product_cat":[5189,1011],"product_tag":[],"class_list":{"0":"post-324069","1":"product","2":"type-product","3":"status-publish","4":"has-post-thumbnail","6":"product_cat-boutons-et-poignees-tiroir-meuble","7":"product_cat-poignees-style-luxe","8":"pa_color-chrome-poignees-boutons-pieds-meuble-portamanteaux-mur-porte","9":"pa_distancia-agujeros-tornillos-poignees-64-mm-entre-trous-de-vis-tiroir-porte-meuble","10":"pa_tendencia-poignees-meuble-de-luxe","12":"first","13":"instock","14":"taxable","15":"shipping-taxable","16":"purchasable","17":"product-type-variable","18":"has-default-attributes","19":"wvs-archive-product-wrapper"},"_links":{"self":[{"href":"https:\/\/www.pomoline.com\/fr\/wp-json\/wp\/v2\/product\/324069","targetHints":{"allow":["GET"]}}],"collection":[{"href":"https:\/\/www.pomoline.com\/fr\/wp-json\/wp\/v2\/product"}],"about":[{"href":"https:\/\/www.pomoline.com\/fr\/wp-json\/wp\/v2\/types\/product"}],"wp:featuredmedia":[{"embeddable":true,"href":"https:\/\/www.pomoline.com\/fr\/wp-json\/wp\/v2\/media\/408266"}],"wp:attachment":[{"href":"https:\/\/www.pomoline.com\/fr\/wp-json\/wp\/v2\/media?parent=324069"}],"wp:term":[{"taxonomy":"product_brand","embeddable":true,"href":"https:\/\/www.pomoline.com\/fr\/wp-json\/wp\/v2\/product_brand?post=324069"},{"taxonomy":"product_cat","embeddable":true,"href":"https:\/\/www.pomoline.com\/fr\/wp-json\/wp\/v2\/product_cat?post=324069"},{"taxonomy":"product_tag","embeddable":true,"href":"https:\/\/www.pomoline.com\/fr\/wp-json\/wp\/v2\/product_tag?post=324069"}],"curies":[{"name":"wp","href":"https:\/\/api.w.org\/{rel}","templated":true}]}}