{"id":324073,"date":"2024-04-27T13:38:59","date_gmt":"2024-04-27T11:38:59","guid":{"rendered":"https:\/\/www.pomoline.com\/web-pruebas\/producto\/tirador-asa-de-mueble-madre-perla-hecho-a-mano-diseno-colonial\/"},"modified":"2025-03-13T21:50:17","modified_gmt":"2025-03-13T20:50:17","slug":"poignee-de-meuble-mere-perle","status":"publish","type":"product","link":"https:\/\/www.pomoline.com\/fr\/produit\/poignee-de-meuble-mere-perle\/","title":{"rendered":"POIGN\u00c9E DE MEUBLE M\u00c8RE PERLE"},"content":{"rendered":"<p>Boutons en nacre de perle sculpt\u00e9s \u00e0 la main con\u00e7us pour les tiroirs de meubles coloniaux. Ce mod\u00e8le particulier est le MOD 103 poign\u00e9e de meuble m\u00e8re perle<\/p>\n","protected":false},"excerpt":{"rendered":"<p>Boutons en nacre de perle sculpt\u00e9s \u00e0 la main con\u00e7us pour les tiroirs de meubles coloniaux. Ce mod\u00e8le particulier est le MOD 103 poign\u00e9e de meuble m\u00e8re perle<\/p>\n","protected":false},"featured_media":408262,"template":"","meta":{"_joinchat":[]},"product_brand":[],"product_cat":[5189,975],"product_tag":[],"class_list":{"0":"post-324073","1":"product","2":"type-product","3":"status-publish","4":"has-post-thumbnail","6":"product_cat-boutons-et-poignees-tiroir-meuble","7":"product_cat-poignees-boutons-meuble-style-ethnique-rustique","8":"pa_color-nacre-poignees-boutons-pieds-meuble-portamanteaux-mur-porte","9":"pa_tendencia-boutonts-et-poignees-meuble-ethnique","11":"first","12":"instock","13":"taxable","14":"shipping-taxable","15":"purchasable","16":"product-type-variable","17":"has-default-attributes","18":"wvs-archive-product-wrapper"},"_links":{"self":[{"href":"https:\/\/www.pomoline.com\/fr\/wp-json\/wp\/v2\/product\/324073","targetHints":{"allow":["GET"]}}],"collection":[{"href":"https:\/\/www.pomoline.com\/fr\/wp-json\/wp\/v2\/product"}],"about":[{"href":"https:\/\/www.pomoline.com\/fr\/wp-json\/wp\/v2\/types\/product"}],"wp:featuredmedia":[{"embeddable":true,"href":"https:\/\/www.pomoline.com\/fr\/wp-json\/wp\/v2\/media\/408262"}],"wp:attachment":[{"href":"https:\/\/www.pomoline.com\/fr\/wp-json\/wp\/v2\/media?parent=324073"}],"wp:term":[{"taxonomy":"product_brand","embeddable":true,"href":"https:\/\/www.pomoline.com\/fr\/wp-json\/wp\/v2\/product_brand?post=324073"},{"taxonomy":"product_cat","embeddable":true,"href":"https:\/\/www.pomoline.com\/fr\/wp-json\/wp\/v2\/product_cat?post=324073"},{"taxonomy":"product_tag","embeddable":true,"href":"https:\/\/www.pomoline.com\/fr\/wp-json\/wp\/v2\/product_tag?post=324073"}],"curies":[{"name":"wp","href":"https:\/\/api.w.org\/{rel}","templated":true}]}}