{"id":324081,"date":"2024-04-27T13:39:12","date_gmt":"2024-04-27T11:39:12","guid":{"rendered":"https:\/\/www.pomoline.com\/web-pruebas\/producto\/tirador-asa-polipiel-serpiente-beige-mate-mueble-diseno-moderno\/"},"modified":"2025-03-13T21:49:42","modified_gmt":"2025-03-13T20:49:42","slug":"poignee-metal-peau-serpent-beige-mat-meuble-moderne-conception","status":"publish","type":"product","link":"https:\/\/www.pomoline.com\/fr\/produit\/poignee-metal-peau-serpent-beige-mat-meuble-moderne-conception\/","title":{"rendered":"POIGN\u00c9E METAL PEAU SERPENT BEIGE MAT | MEUBLE MODERNE CONCEPTION"},"content":{"rendered":"<p>\u00c9l\u00e9gant bouton de meuble en m\u00e9tal brillant recouvert de similicuir \u00e0 l&rsquo;aspect peau de serpent, pour cr\u00e9er une ambiance sophistiqu\u00e9e et faire ressortir votre meuble, de haute qualit\u00e9 et fabriqu\u00e9 en Europe, il offre un look classique et se combine avec les<\/p>\n","protected":false},"excerpt":{"rendered":"<p>\u00c9l\u00e9gant bouton de meuble en m\u00e9tal brillant recouvert de similicuir \u00e0 l&rsquo;aspect peau de serpent, pour cr\u00e9er une ambiance sophistiqu\u00e9e et faire ressortir votre meuble, de haute qualit\u00e9 et fabriqu\u00e9 en Europe, il offre un look classique et se combine avec les<\/p>\n","protected":false},"featured_media":408254,"template":"","meta":{"_joinchat":[]},"product_brand":[],"product_cat":[999,5189],"product_tag":[],"class_list":{"0":"post-324081","1":"product","2":"type-product","3":"status-publish","4":"has-post-thumbnail","6":"product_cat-boutons-de-meuble-en-cuir-et-tissu-poignees-de-tiroir","7":"product_cat-boutons-et-poignees-tiroir-meuble","8":"pa_color-blanc-poignees-boutons-pieds-meuble-portamanteaux-mur-porte","9":"pa_color-beige-poignees-boutons-pieds-meuble-portamanteaux-mur-porte","10":"pa_distancia-agujeros-tornillos-poignees-32-mm-entre-trous-de-vis-tiroir-porte-meuble","11":"pa_tendencia-boutons-cuir-tissu-pour-meuble","13":"first","14":"instock","15":"taxable","16":"shipping-taxable","17":"purchasable","18":"product-type-variable","19":"has-default-attributes","20":"wvs-archive-product-wrapper"},"_links":{"self":[{"href":"https:\/\/www.pomoline.com\/fr\/wp-json\/wp\/v2\/product\/324081","targetHints":{"allow":["GET"]}}],"collection":[{"href":"https:\/\/www.pomoline.com\/fr\/wp-json\/wp\/v2\/product"}],"about":[{"href":"https:\/\/www.pomoline.com\/fr\/wp-json\/wp\/v2\/types\/product"}],"wp:featuredmedia":[{"embeddable":true,"href":"https:\/\/www.pomoline.com\/fr\/wp-json\/wp\/v2\/media\/408254"}],"wp:attachment":[{"href":"https:\/\/www.pomoline.com\/fr\/wp-json\/wp\/v2\/media?parent=324081"}],"wp:term":[{"taxonomy":"product_brand","embeddable":true,"href":"https:\/\/www.pomoline.com\/fr\/wp-json\/wp\/v2\/product_brand?post=324081"},{"taxonomy":"product_cat","embeddable":true,"href":"https:\/\/www.pomoline.com\/fr\/wp-json\/wp\/v2\/product_cat?post=324081"},{"taxonomy":"product_tag","embeddable":true,"href":"https:\/\/www.pomoline.com\/fr\/wp-json\/wp\/v2\/product_tag?post=324081"}],"curies":[{"name":"wp","href":"https:\/\/api.w.org\/{rel}","templated":true}]}}