{"id":324085,"date":"2024-04-27T13:39:20","date_gmt":"2024-04-27T11:39:20","guid":{"rendered":"https:\/\/www.pomoline.com\/web-pruebas\/producto\/tirador-pomo-de-mueble-swarovski-cromo-brillo-diseno-luxury-16mm\/"},"modified":"2025-03-13T21:49:25","modified_gmt":"2025-03-13T20:49:25","slug":"bouton-de-meuble-swarovski-argent-eclat-16mm","status":"publish","type":"product","link":"https:\/\/www.pomoline.com\/fr\/produit\/bouton-de-meuble-swarovski-argent-eclat-16mm\/","title":{"rendered":"BOUTON DE MEUBLE SWAROVSKI-ARGENT \u00c9CLAT 16MM"},"content":{"rendered":"<p>Boutons de mobilier design exclusifs en strass de cristal taill\u00e9 svaroski. Ce mod\u00e8le particulier est le MOD 1009 bouton de meuble swarovski-argent \u00e9clat 16mm<\/p>\n","protected":false},"excerpt":{"rendered":"<p>Boutons de mobilier design exclusifs en strass de cristal taill\u00e9 svaroski. Ce mod\u00e8le particulier est le MOD 1009 bouton de meuble swarovski-argent \u00e9clat 16mm<\/p>\n","protected":false},"featured_media":408250,"template":"","meta":{"_joinchat":[]},"product_brand":[],"product_cat":[5189,5355,5357,1011],"product_tag":[],"class_list":{"0":"post-324085","1":"product","2":"type-product","3":"status-publish","4":"has-post-thumbnail","6":"product_cat-boutons-et-poignees-tiroir-meuble","7":"product_cat-ofertas","8":"product_cat-ofertas-fr","9":"product_cat-poignees-style-luxe","10":"pa_color-chrome-poignees-boutons-pieds-meuble-portamanteaux-mur-porte","11":"pa_tendencia-poignees-meuble-de-luxe","13":"first","14":"instock","15":"sale","16":"taxable","17":"shipping-taxable","18":"purchasable","19":"product-type-variable","20":"has-default-attributes","21":"wvs-archive-product-wrapper"},"_links":{"self":[{"href":"https:\/\/www.pomoline.com\/fr\/wp-json\/wp\/v2\/product\/324085","targetHints":{"allow":["GET"]}}],"collection":[{"href":"https:\/\/www.pomoline.com\/fr\/wp-json\/wp\/v2\/product"}],"about":[{"href":"https:\/\/www.pomoline.com\/fr\/wp-json\/wp\/v2\/types\/product"}],"wp:featuredmedia":[{"embeddable":true,"href":"https:\/\/www.pomoline.com\/fr\/wp-json\/wp\/v2\/media\/408250"}],"wp:attachment":[{"href":"https:\/\/www.pomoline.com\/fr\/wp-json\/wp\/v2\/media?parent=324085"}],"wp:term":[{"taxonomy":"product_brand","embeddable":true,"href":"https:\/\/www.pomoline.com\/fr\/wp-json\/wp\/v2\/product_brand?post=324085"},{"taxonomy":"product_cat","embeddable":true,"href":"https:\/\/www.pomoline.com\/fr\/wp-json\/wp\/v2\/product_cat?post=324085"},{"taxonomy":"product_tag","embeddable":true,"href":"https:\/\/www.pomoline.com\/fr\/wp-json\/wp\/v2\/product_tag?post=324085"}],"curies":[{"name":"wp","href":"https:\/\/api.w.org\/{rel}","templated":true}]}}