{"id":324101,"date":"2024-04-27T13:39:42","date_gmt":"2024-04-27T11:39:42","guid":{"rendered":"https:\/\/www.pomoline.com\/web-pruebas\/producto\/tirador-asa-mueble-swarovski-plata-mate-diseno-italiano-luxury-96mm\/"},"modified":"2025-03-13T21:48:18","modified_gmt":"2025-03-13T20:48:18","slug":"poignee-de-meuble-swaroski-argent-mat-96mm-19x131mm","status":"publish","type":"product","link":"https:\/\/www.pomoline.com\/fr\/produit\/poignee-de-meuble-swaroski-argent-mat-96mm-19x131mm\/","title":{"rendered":"POIGN\u00c9E DE MEUBLE SWAROSKI-ARGENT MAT 96MM | 19x131MM"},"content":{"rendered":"<p>Boutons de mobilier design exclusifs en strass de cristal taill\u00e9 svaroski. Ce mod\u00e8le particulier est le MOD 1005 poign\u00e9e de meuble swaroski-argent mat 96mm | 19x131mm<\/p>\n","protected":false},"excerpt":{"rendered":"<p>Boutons de mobilier design exclusifs en strass de cristal taill\u00e9 svaroski. Ce mod\u00e8le particulier est le MOD 1005 poign\u00e9e de meuble swaroski-argent mat 96mm | 19x131mm<\/p>\n","protected":false},"featured_media":408234,"template":"","meta":{"_joinchat":[]},"product_brand":[],"product_cat":[5189,5355,5357,1011],"product_tag":[],"class_list":{"0":"post-324101","1":"product","2":"type-product","3":"status-publish","4":"has-post-thumbnail","6":"product_cat-boutons-et-poignees-tiroir-meuble","7":"product_cat-ofertas","8":"product_cat-ofertas-fr","9":"product_cat-poignees-style-luxe","10":"pa_color-vieil-argent-poignees-boutons-pieds-meuble-portamanteaux-mur-porte","11":"pa_distancia-agujeros-tornillos-poignees-96-mm-entre-trous-de-vis-tiroir-porte-meuble","12":"pa_tendencia-poignees-meuble-de-luxe","14":"first","15":"instock","16":"sale","17":"taxable","18":"shipping-taxable","19":"purchasable","20":"product-type-variable","21":"has-default-attributes","22":"wvs-archive-product-wrapper"},"_links":{"self":[{"href":"https:\/\/www.pomoline.com\/fr\/wp-json\/wp\/v2\/product\/324101","targetHints":{"allow":["GET"]}}],"collection":[{"href":"https:\/\/www.pomoline.com\/fr\/wp-json\/wp\/v2\/product"}],"about":[{"href":"https:\/\/www.pomoline.com\/fr\/wp-json\/wp\/v2\/types\/product"}],"wp:featuredmedia":[{"embeddable":true,"href":"https:\/\/www.pomoline.com\/fr\/wp-json\/wp\/v2\/media\/408234"}],"wp:attachment":[{"href":"https:\/\/www.pomoline.com\/fr\/wp-json\/wp\/v2\/media?parent=324101"}],"wp:term":[{"taxonomy":"product_brand","embeddable":true,"href":"https:\/\/www.pomoline.com\/fr\/wp-json\/wp\/v2\/product_brand?post=324101"},{"taxonomy":"product_cat","embeddable":true,"href":"https:\/\/www.pomoline.com\/fr\/wp-json\/wp\/v2\/product_cat?post=324101"},{"taxonomy":"product_tag","embeddable":true,"href":"https:\/\/www.pomoline.com\/fr\/wp-json\/wp\/v2\/product_tag?post=324101"}],"curies":[{"name":"wp","href":"https:\/\/api.w.org\/{rel}","templated":true}]}}