{"id":324113,"date":"2024-04-27T13:40:01","date_gmt":"2024-04-27T11:40:01","guid":{"rendered":"https:\/\/www.pomoline.com\/web-pruebas\/producto\/tirador-asa-de-mueble-acero-inoxidable-para-puerta-cocina-y-cajon\/"},"modified":"2025-03-13T21:47:28","modified_gmt":"2025-03-13T20:47:28","slug":"poignee-de-meuble-acier-inox-por-armoire-tiroir-cuisine","status":"publish","type":"product","link":"https:\/\/www.pomoline.com\/fr\/produit\/poignee-de-meuble-acier-inox-por-armoire-tiroir-cuisine\/","title":{"rendered":"POIGN\u00c9E DE MEUBLE ACIER INOX POR ARMOIRE TIROIR CUISINE"},"content":{"rendered":"<p>Crochets et agrafes en m\u00e9tal \u00e0 fixer au mur ou \u00e0 la porte au moyen des vis et des goujons inclus dans le sac. C&rsquo;est un cintre individuel qui supporte le poids et qui est tr\u00e8s beau. Ce mod\u00e8le particulier est le MOD 098 poign\u00e9e de meuble acier inox por armo<\/p>\n","protected":false},"excerpt":{"rendered":"<p>Crochets et agrafes en m\u00e9tal \u00e0 fixer au mur ou \u00e0 la porte au moyen des vis et des goujons inclus dans le sac. C&rsquo;est un cintre individuel qui supporte le poids et qui est tr\u00e8s beau. Ce mod\u00e8le particulier est le MOD 098 poign\u00e9e de meuble acier inox por armo<\/p>\n","protected":false},"featured_media":408222,"template":"","meta":{"_joinchat":[]},"product_brand":[],"product_cat":[5189,959],"product_tag":[],"class_list":{"0":"post-324113","1":"product","2":"type-product","3":"status-publish","4":"has-post-thumbnail","6":"product_cat-boutons-et-poignees-tiroir-meuble","7":"product_cat-poignees-de-cuisine-modernes","8":"pa_color-acier-inoxydable-poignees-boutons-pieds-meuble-portamanteaux-mur-porte","9":"pa_distancia-agujeros-tornillos-poignees-128-mm-entre-trous-de-vis-tiroir-porte-meuble","10":"pa_distancia-agujeros-tornillos-poignees-160-mm-entre-trous-de-vis-tiroir-porte-meuble","11":"pa_distancia-agujeros-tornillos-poignees-192-mm-entre-trous-de-vis-tiroir-porte-meuble","12":"pa_distancia-agujeros-tornillos-poignees-256-mm-entre-trous-de-vis-tiroir-porte-meuble","13":"pa_tendencia-boutons-en-acier-inoxydable-pour-meuble","15":"first","16":"instock","17":"taxable","18":"shipping-taxable","19":"purchasable","20":"product-type-variable","21":"has-default-attributes","22":"wvs-archive-product-wrapper"},"_links":{"self":[{"href":"https:\/\/www.pomoline.com\/fr\/wp-json\/wp\/v2\/product\/324113","targetHints":{"allow":["GET"]}}],"collection":[{"href":"https:\/\/www.pomoline.com\/fr\/wp-json\/wp\/v2\/product"}],"about":[{"href":"https:\/\/www.pomoline.com\/fr\/wp-json\/wp\/v2\/types\/product"}],"wp:featuredmedia":[{"embeddable":true,"href":"https:\/\/www.pomoline.com\/fr\/wp-json\/wp\/v2\/media\/408222"}],"wp:attachment":[{"href":"https:\/\/www.pomoline.com\/fr\/wp-json\/wp\/v2\/media?parent=324113"}],"wp:term":[{"taxonomy":"product_brand","embeddable":true,"href":"https:\/\/www.pomoline.com\/fr\/wp-json\/wp\/v2\/product_brand?post=324113"},{"taxonomy":"product_cat","embeddable":true,"href":"https:\/\/www.pomoline.com\/fr\/wp-json\/wp\/v2\/product_cat?post=324113"},{"taxonomy":"product_tag","embeddable":true,"href":"https:\/\/www.pomoline.com\/fr\/wp-json\/wp\/v2\/product_tag?post=324113"}],"curies":[{"name":"wp","href":"https:\/\/api.w.org\/{rel}","templated":true}]}}