{"id":324153,"date":"2024-04-27T13:41:01","date_gmt":"2024-04-27T11:41:01","guid":{"rendered":"https:\/\/www.pomoline.com\/web-pruebas\/producto\/tirador-asa-metal-para-cajon-armario-34x82mm\/"},"modified":"2025-03-13T21:44:19","modified_gmt":"2025-03-13T20:44:19","slug":"poignee-metal-tiroir-armoire-34x82mm","status":"publish","type":"product","link":"https:\/\/www.pomoline.com\/fr\/produit\/poignee-metal-tiroir-armoire-34x82mm\/","title":{"rendered":"POIGN\u00c9E METAL POLI TIROIR ARMOIRE 34x82MM"},"content":{"rendered":"<p>Poign\u00e9es pour porte d&rsquo;armoire et tiroir int\u00e9rieur avec tous les accessoires de montage n\u00e9cessaires et avec une tr\u00e8s bonne finition m\u00e9tallique. Ce mod\u00e8le particulier est le MOD 074 ARM poign\u00e9e metal poli tiroir armoire 34x82mm<\/p>\n","protected":false},"excerpt":{"rendered":"<p>Poign\u00e9es pour porte d&rsquo;armoire et tiroir int\u00e9rieur avec tous les accessoires de montage n\u00e9cessaires et avec une tr\u00e8s bonne finition m\u00e9tallique. Ce mod\u00e8le particulier est le MOD 074 ARM poign\u00e9e metal poli tiroir armoire 34x82mm<\/p>\n","protected":false},"featured_media":408181,"template":"","meta":{"_joinchat":[]},"product_brand":[],"product_cat":[1015],"product_tag":[],"class_list":{"0":"post-324153","1":"product","2":"type-product","3":"status-publish","4":"has-post-thumbnail","6":"product_cat-poignees-de-porte","7":"pa_color-chrome-mat-poignees-boutons-pieds-meuble-portamanteaux-mur-porte","8":"pa_color-or-poignees-boutons-pieds-meuble-portamanteaux-mur-porte","9":"pa_tendencia-poignees-armoire","11":"first","12":"instock","13":"taxable","14":"shipping-taxable","15":"purchasable","16":"product-type-variable","17":"has-default-attributes","18":"wvs-archive-product-wrapper"},"_links":{"self":[{"href":"https:\/\/www.pomoline.com\/fr\/wp-json\/wp\/v2\/product\/324153","targetHints":{"allow":["GET"]}}],"collection":[{"href":"https:\/\/www.pomoline.com\/fr\/wp-json\/wp\/v2\/product"}],"about":[{"href":"https:\/\/www.pomoline.com\/fr\/wp-json\/wp\/v2\/types\/product"}],"wp:featuredmedia":[{"embeddable":true,"href":"https:\/\/www.pomoline.com\/fr\/wp-json\/wp\/v2\/media\/408181"}],"wp:attachment":[{"href":"https:\/\/www.pomoline.com\/fr\/wp-json\/wp\/v2\/media?parent=324153"}],"wp:term":[{"taxonomy":"product_brand","embeddable":true,"href":"https:\/\/www.pomoline.com\/fr\/wp-json\/wp\/v2\/product_brand?post=324153"},{"taxonomy":"product_cat","embeddable":true,"href":"https:\/\/www.pomoline.com\/fr\/wp-json\/wp\/v2\/product_cat?post=324153"},{"taxonomy":"product_tag","embeddable":true,"href":"https:\/\/www.pomoline.com\/fr\/wp-json\/wp\/v2\/product_tag?post=324153"}],"curies":[{"name":"wp","href":"https:\/\/api.w.org\/{rel}","templated":true}]}}