{"id":324237,"date":"2024-04-27T13:43:18","date_gmt":"2024-04-27T11:43:18","guid":{"rendered":"https:\/\/www.pomoline.com\/web-pruebas\/producto\/tirador-pomo-de-mueble-porcelana-blanca-para-cajon-o-puerta-30mm\/"},"modified":"2025-03-13T21:38:00","modified_gmt":"2025-03-13T20:38:00","slug":"bouton-de-meuble-boule-blanc-30mm","status":"publish","type":"product","link":"https:\/\/www.pomoline.com\/fr\/produit\/bouton-de-meuble-boule-blanc-30mm\/","title":{"rendered":"BOUTON DE MEUBLE BOULE BLANC 30MM"},"content":{"rendered":"<p>Boutons champignons et boules en c\u00e9ramique blanche lisse pour tiroirs de meubles modernes et classiques. Ce mod\u00e8le sp\u00e9cifique est la poign\u00e9e de meuble en porcelaine blanche MOD 047 pour tiroir ou porte 30 mm<\/p>\n","protected":false},"excerpt":{"rendered":"<p>Boutons champignons et boules en c\u00e9ramique blanche lisse pour tiroirs de meubles modernes et classiques. Ce mod\u00e8le sp\u00e9cifique est la poign\u00e9e de meuble en porcelaine blanche MOD 047 pour tiroir ou porte 30 mm<\/p>\n","protected":false},"featured_media":408101,"template":"","meta":{"_joinchat":[]},"product_brand":[],"product_cat":[5189,987],"product_tag":[],"class_list":{"0":"post-324237","1":"product","2":"type-product","3":"status-publish","4":"has-post-thumbnail","6":"product_cat-boutons-et-poignees-tiroir-meuble","7":"product_cat-boutons-en-porcelaine-pour-tiroir-porte-meuble","9":"first","10":"outofstock","11":"taxable","12":"shipping-taxable","13":"purchasable","14":"product-type-variable","15":"wvs-archive-product-wrapper"},"_links":{"self":[{"href":"https:\/\/www.pomoline.com\/fr\/wp-json\/wp\/v2\/product\/324237","targetHints":{"allow":["GET"]}}],"collection":[{"href":"https:\/\/www.pomoline.com\/fr\/wp-json\/wp\/v2\/product"}],"about":[{"href":"https:\/\/www.pomoline.com\/fr\/wp-json\/wp\/v2\/types\/product"}],"wp:featuredmedia":[{"embeddable":true,"href":"https:\/\/www.pomoline.com\/fr\/wp-json\/wp\/v2\/media\/408101"}],"wp:attachment":[{"href":"https:\/\/www.pomoline.com\/fr\/wp-json\/wp\/v2\/media?parent=324237"}],"wp:term":[{"taxonomy":"product_brand","embeddable":true,"href":"https:\/\/www.pomoline.com\/fr\/wp-json\/wp\/v2\/product_brand?post=324237"},{"taxonomy":"product_cat","embeddable":true,"href":"https:\/\/www.pomoline.com\/fr\/wp-json\/wp\/v2\/product_cat?post=324237"},{"taxonomy":"product_tag","embeddable":true,"href":"https:\/\/www.pomoline.com\/fr\/wp-json\/wp\/v2\/product_tag?post=324237"}],"curies":[{"name":"wp","href":"https:\/\/api.w.org\/{rel}","templated":true}]}}