{"id":324249,"date":"2024-04-27T13:43:40","date_gmt":"2024-04-27T11:43:40","guid":{"rendered":"https:\/\/www.pomoline.com\/web-pruebas\/producto\/tirador-pomo-de-mueble-porcelana-crema-para-cajon-o-puerta-33mm\/"},"modified":"2025-03-13T21:37:09","modified_gmt":"2025-03-13T20:37:09","slug":"bouton-de-meuble-ovale-creme-33mm","status":"publish","type":"product","link":"https:\/\/www.pomoline.com\/fr\/produit\/bouton-de-meuble-ovale-creme-33mm\/","title":{"rendered":"BOUTON DE MEUBLE OVALE CREME 33MM"},"content":{"rendered":"<p>Boutons champignons et boules en c\u00e9ramique blanche lisse pour tiroirs de meubles modernes et classiques. Ce mod\u00e8le sp\u00e9cifique est la poign\u00e9e de meuble en porcelaine cr\u00e8me MOD 045 pour tiroir ou porte 33 mm<\/p>\n","protected":false},"excerpt":{"rendered":"<p>Boutons champignons et boules en c\u00e9ramique blanche lisse pour tiroirs de meubles modernes et classiques. Ce mod\u00e8le sp\u00e9cifique est la poign\u00e9e de meuble en porcelaine cr\u00e8me MOD 045 pour tiroir ou porte 33 mm<\/p>\n","protected":false},"featured_media":408089,"template":"","meta":{"_joinchat":[]},"product_brand":[],"product_cat":[5189,987],"product_tag":[],"class_list":{"0":"post-324249","1":"product","2":"type-product","3":"status-publish","4":"has-post-thumbnail","6":"product_cat-boutons-et-poignees-tiroir-meuble","7":"product_cat-boutons-en-porcelaine-pour-tiroir-porte-meuble","8":"pa_color-blanc-poignees-boutons-pieds-meuble-portamanteaux-mur-porte","9":"pa_color-creme-poignees-boutons-pieds-meuble-portamanteaux-mur-porte","10":"pa_tendencia-boutons-en-porcelaine-pour-meuble","12":"first","13":"instock","14":"taxable","15":"shipping-taxable","16":"purchasable","17":"product-type-variable","18":"has-default-attributes","19":"wvs-archive-product-wrapper"},"_links":{"self":[{"href":"https:\/\/www.pomoline.com\/fr\/wp-json\/wp\/v2\/product\/324249","targetHints":{"allow":["GET"]}}],"collection":[{"href":"https:\/\/www.pomoline.com\/fr\/wp-json\/wp\/v2\/product"}],"about":[{"href":"https:\/\/www.pomoline.com\/fr\/wp-json\/wp\/v2\/types\/product"}],"wp:featuredmedia":[{"embeddable":true,"href":"https:\/\/www.pomoline.com\/fr\/wp-json\/wp\/v2\/media\/408089"}],"wp:attachment":[{"href":"https:\/\/www.pomoline.com\/fr\/wp-json\/wp\/v2\/media?parent=324249"}],"wp:term":[{"taxonomy":"product_brand","embeddable":true,"href":"https:\/\/www.pomoline.com\/fr\/wp-json\/wp\/v2\/product_brand?post=324249"},{"taxonomy":"product_cat","embeddable":true,"href":"https:\/\/www.pomoline.com\/fr\/wp-json\/wp\/v2\/product_cat?post=324249"},{"taxonomy":"product_tag","embeddable":true,"href":"https:\/\/www.pomoline.com\/fr\/wp-json\/wp\/v2\/product_tag?post=324249"}],"curies":[{"name":"wp","href":"https:\/\/api.w.org\/{rel}","templated":true}]}}