{"id":324261,"date":"2024-04-27T13:44:00","date_gmt":"2024-04-27T11:44:00","guid":{"rendered":"https:\/\/www.pomoline.com\/web-pruebas\/producto\/tirador-pomo-mueble-porcelana-pintada-a-mano-cuadros-para-cajon-puerta\/"},"modified":"2025-03-13T21:36:16","modified_gmt":"2025-03-13T20:36:16","slug":"bouton-de-meuble-rond-quadrille-bleu","status":"publish","type":"product","link":"https:\/\/www.pomoline.com\/fr\/produit\/bouton-de-meuble-rond-quadrille-bleu\/","title":{"rendered":"BOUTON DE MEUBLE ROND QUADRILL\u00c9 BLEU"},"content":{"rendered":"<p>Bouton de meuble original en c\u00e9ramique peinte \u00e0 carreaux avec une forme arrondie id\u00e9ale pour tout meuble, id\u00e9al pour la cuisine ou la salle de bain, de haute qualit\u00e9 et fabriqu\u00e9 en Europe, il donnera une touche sp\u00e9ciale \u00e0 votre meuble, Comprend la vis de<\/p>\n","protected":false},"excerpt":{"rendered":"<p>Bouton de meuble original en c\u00e9ramique peinte \u00e0 carreaux avec une forme arrondie id\u00e9ale pour tout meuble, id\u00e9al pour la cuisine ou la salle de bain, de haute qualit\u00e9 et fabriqu\u00e9 en Europe, il donnera une touche sp\u00e9ciale \u00e0 votre meuble, Comprend la vis de<\/p>\n","protected":false},"featured_media":408077,"template":"","meta":{"_joinchat":[]},"product_brand":[],"product_cat":[5189,987],"product_tag":[],"class_list":{"0":"post-324261","1":"product","2":"type-product","3":"status-publish","4":"has-post-thumbnail","6":"product_cat-boutons-et-poignees-tiroir-meuble","7":"product_cat-boutons-en-porcelaine-pour-tiroir-porte-meuble","8":"pa_color-vert-poignees-boutons-pieds-meuble-portamanteaux-mur-porte","9":"pa_color-bleu-poignees-boutons-pieds-meuble-portamanteaux-mur-porte","10":"pa_tendencia-boutons-en-porcelaine-pour-meuble","12":"first","13":"instock","14":"taxable","15":"shipping-taxable","16":"purchasable","17":"product-type-variable","18":"has-default-attributes","19":"wvs-archive-product-wrapper"},"_links":{"self":[{"href":"https:\/\/www.pomoline.com\/fr\/wp-json\/wp\/v2\/product\/324261","targetHints":{"allow":["GET"]}}],"collection":[{"href":"https:\/\/www.pomoline.com\/fr\/wp-json\/wp\/v2\/product"}],"about":[{"href":"https:\/\/www.pomoline.com\/fr\/wp-json\/wp\/v2\/types\/product"}],"wp:featuredmedia":[{"embeddable":true,"href":"https:\/\/www.pomoline.com\/fr\/wp-json\/wp\/v2\/media\/408077"}],"wp:attachment":[{"href":"https:\/\/www.pomoline.com\/fr\/wp-json\/wp\/v2\/media?parent=324261"}],"wp:term":[{"taxonomy":"product_brand","embeddable":true,"href":"https:\/\/www.pomoline.com\/fr\/wp-json\/wp\/v2\/product_brand?post=324261"},{"taxonomy":"product_cat","embeddable":true,"href":"https:\/\/www.pomoline.com\/fr\/wp-json\/wp\/v2\/product_cat?post=324261"},{"taxonomy":"product_tag","embeddable":true,"href":"https:\/\/www.pomoline.com\/fr\/wp-json\/wp\/v2\/product_tag?post=324261"}],"curies":[{"name":"wp","href":"https:\/\/api.w.org\/{rel}","templated":true}]}}