{"id":324285,"date":"2024-04-27T13:44:39","date_gmt":"2024-04-27T11:44:39","guid":{"rendered":"https:\/\/www.pomoline.com\/web-pruebas\/producto\/pomo-metal-pintura-negra-mate-cajon-mueble-clasico\/"},"modified":"2025-03-13T21:34:32","modified_gmt":"2025-03-13T20:34:32","slug":"poignee-bouton-peint-blanc-mat-pour-tiroir-meuble-classique","status":"publish","type":"product","link":"https:\/\/www.pomoline.com\/fr\/produit\/poignee-bouton-peint-blanc-mat-pour-tiroir-meuble-classique\/","title":{"rendered":"POIGN\u00c9E BOUTON PEINT BLANC MAT POUR TIROIR MEUBLE CLASSIQUE"},"content":{"rendered":"<p>Bouton de meuble moderne en m\u00e9tal peint noir mat ou blanc, arrondi, id\u00e9al pour tout meuble, de haute qualit\u00e9 et fabriqu\u00e9 en Europe, offre un look moderne et se combine avec les autres \u00e9l\u00e9ments de la pi\u00e8ce, Comprend la vis 2,5 pour son placement cm de long<\/p>\n","protected":false},"excerpt":{"rendered":"<p>Bouton de meuble moderne en m\u00e9tal peint noir mat ou blanc, arrondi, id\u00e9al pour tout meuble, de haute qualit\u00e9 et fabriqu\u00e9 en Europe, offre un look moderne et se combine avec les autres \u00e9l\u00e9ments de la pi\u00e8ce, Comprend la vis 2,5 pour son placement cm de long<\/p>\n","protected":false},"featured_media":408053,"template":"","meta":{"_joinchat":[]},"product_brand":[],"product_cat":[963,5189,3484],"product_tag":[],"class_list":{"0":"post-324285","1":"product","2":"type-product","3":"status-publish","4":"has-post-thumbnail","6":"product_cat-poignees-de-meubles","7":"product_cat-boutons-et-poignees-tiroir-meuble","8":"product_cat-poignees-boutons-noir-meuble-industriel","9":"pa_color-noir-poignees-boutons-pieds-meuble-portamanteaux-mur-porte","10":"pa_color-blanc-poignees-boutons-pieds-meuble-portamanteaux-mur-porte","11":"pa_tendencia-boutons-meuble-tiroir-moderne","13":"first","14":"instock","15":"taxable","16":"shipping-taxable","17":"purchasable","18":"product-type-variable","19":"has-default-attributes","20":"wvs-archive-product-wrapper"},"_links":{"self":[{"href":"https:\/\/www.pomoline.com\/fr\/wp-json\/wp\/v2\/product\/324285","targetHints":{"allow":["GET"]}}],"collection":[{"href":"https:\/\/www.pomoline.com\/fr\/wp-json\/wp\/v2\/product"}],"about":[{"href":"https:\/\/www.pomoline.com\/fr\/wp-json\/wp\/v2\/types\/product"}],"wp:featuredmedia":[{"embeddable":true,"href":"https:\/\/www.pomoline.com\/fr\/wp-json\/wp\/v2\/media\/408053"}],"wp:attachment":[{"href":"https:\/\/www.pomoline.com\/fr\/wp-json\/wp\/v2\/media?parent=324285"}],"wp:term":[{"taxonomy":"product_brand","embeddable":true,"href":"https:\/\/www.pomoline.com\/fr\/wp-json\/wp\/v2\/product_brand?post=324285"},{"taxonomy":"product_cat","embeddable":true,"href":"https:\/\/www.pomoline.com\/fr\/wp-json\/wp\/v2\/product_cat?post=324285"},{"taxonomy":"product_tag","embeddable":true,"href":"https:\/\/www.pomoline.com\/fr\/wp-json\/wp\/v2\/product_tag?post=324285"}],"curies":[{"name":"wp","href":"https:\/\/api.w.org\/{rel}","templated":true}]}}