{"id":324289,"date":"2024-04-27T13:44:44","date_gmt":"2024-04-27T11:44:44","guid":{"rendered":"https:\/\/www.pomoline.com\/web-pruebas\/producto\/pomo-metal-anodizado-aluminio-mate-cajon-mueble-moderno\/"},"modified":"2025-03-13T21:34:15","modified_gmt":"2025-03-13T20:34:15","slug":"poignee-bouton-aluminium-anodise-mat-pour-tiroir-meuble-moderne","status":"publish","type":"product","link":"https:\/\/www.pomoline.com\/fr\/produit\/poignee-bouton-aluminium-anodise-mat-pour-tiroir-meuble-moderne\/","title":{"rendered":"BOUTON DE MEUBLE ALUMINIUM MAT POR TIROIR MODERNE"},"content":{"rendered":"<p>Boutons et poign\u00e9es de tiroir et porte d&rsquo;armoire de meuble mate. Ce mod\u00e8le particulier est le MOD 034 poign\u00e9e bouton aluminium anodis\u00e9 mat<\/p>\n","protected":false},"excerpt":{"rendered":"<p>Boutons et poign\u00e9es de tiroir et porte d&rsquo;armoire de meuble mate. Ce mod\u00e8le particulier est le MOD 034 poign\u00e9e bouton aluminium anodis\u00e9 mat<\/p>\n","protected":false},"featured_media":408049,"template":"","meta":{"_joinchat":[]},"product_brand":[],"product_cat":[963,5189],"product_tag":[],"class_list":{"0":"post-324289","1":"product","2":"type-product","3":"status-publish","4":"has-post-thumbnail","6":"product_cat-poignees-de-meubles","7":"product_cat-boutons-et-poignees-tiroir-meuble","8":"pa_color-mate-aluminium-poignees-boutons-pieds-meuble-portamanteaux-mur-porte","9":"pa_color-nickel-brosse-poignees-boutons-pieds-meuble-portamanteaux-mur-porte","10":"pa_tendencia-boutons-meuble-tiroir-moderne","12":"first","13":"instock","14":"taxable","15":"shipping-taxable","16":"purchasable","17":"product-type-variable","18":"has-default-attributes","19":"wvs-archive-product-wrapper"},"_links":{"self":[{"href":"https:\/\/www.pomoline.com\/fr\/wp-json\/wp\/v2\/product\/324289","targetHints":{"allow":["GET"]}}],"collection":[{"href":"https:\/\/www.pomoline.com\/fr\/wp-json\/wp\/v2\/product"}],"about":[{"href":"https:\/\/www.pomoline.com\/fr\/wp-json\/wp\/v2\/types\/product"}],"wp:featuredmedia":[{"embeddable":true,"href":"https:\/\/www.pomoline.com\/fr\/wp-json\/wp\/v2\/media\/408049"}],"wp:attachment":[{"href":"https:\/\/www.pomoline.com\/fr\/wp-json\/wp\/v2\/media?parent=324289"}],"wp:term":[{"taxonomy":"product_brand","embeddable":true,"href":"https:\/\/www.pomoline.com\/fr\/wp-json\/wp\/v2\/product_brand?post=324289"},{"taxonomy":"product_cat","embeddable":true,"href":"https:\/\/www.pomoline.com\/fr\/wp-json\/wp\/v2\/product_cat?post=324289"},{"taxonomy":"product_tag","embeddable":true,"href":"https:\/\/www.pomoline.com\/fr\/wp-json\/wp\/v2\/product_tag?post=324289"}],"curies":[{"name":"wp","href":"https:\/\/api.w.org\/{rel}","templated":true}]}}