{"id":324313,"date":"2024-04-27T13:45:16","date_gmt":"2024-04-27T11:45:16","guid":{"rendered":"https:\/\/www.pomoline.com\/web-pruebas\/producto\/pomo-metal-pintura-blanca-mate-cajon-mueble-clasico\/"},"modified":"2025-03-13T21:32:31","modified_gmt":"2025-03-13T20:32:31","slug":"bouton-peint-blanc-mat-pour-tiroir-meuble-classique","status":"publish","type":"product","link":"https:\/\/www.pomoline.com\/fr\/produit\/bouton-peint-blanc-mat-pour-tiroir-meuble-classique\/","title":{"rendered":"BOUTON PEINT BLANC MAT POUR TIROIR MEUBLE CLASSIQUE"},"content":{"rendered":"<p>Ce bouton de meuble en m\u00e9tal est peint avec de la peinture mate et peut \u00eatre blanc ou noir. D&rsquo;une grande durabilit\u00e9 et qualit\u00e9, il s&rsquo;int\u00e8gre dans n&rsquo;importe quel environnement, en raison de sa simplicit\u00e9 et de sa taille. Les vis pour pouvoir placer le bout<\/p>\n","protected":false},"excerpt":{"rendered":"<p>Ce bouton de meuble en m\u00e9tal est peint avec de la peinture mate et peut \u00eatre blanc ou noir. D&rsquo;une grande durabilit\u00e9 et qualit\u00e9, il s&rsquo;int\u00e8gre dans n&rsquo;importe quel environnement, en raison de sa simplicit\u00e9 et de sa taille. Les vis pour pouvoir placer le bout<\/p>\n","protected":false},"featured_media":408025,"template":"","meta":{"_joinchat":[]},"product_brand":[],"product_cat":[963,5189,3484],"product_tag":[],"class_list":{"0":"post-324313","1":"product","2":"type-product","3":"status-publish","4":"has-post-thumbnail","6":"product_cat-poignees-de-meubles","7":"product_cat-boutons-et-poignees-tiroir-meuble","8":"product_cat-poignees-boutons-noir-meuble-industriel","9":"pa_color-noir-poignees-boutons-pieds-meuble-portamanteaux-mur-porte","10":"pa_color-blanc-poignees-boutons-pieds-meuble-portamanteaux-mur-porte","11":"pa_tendencia-boutons-meuble-tiroir-moderne","13":"first","14":"instock","15":"taxable","16":"shipping-taxable","17":"purchasable","18":"product-type-variable","19":"has-default-attributes","20":"wvs-archive-product-wrapper"},"_links":{"self":[{"href":"https:\/\/www.pomoline.com\/fr\/wp-json\/wp\/v2\/product\/324313","targetHints":{"allow":["GET"]}}],"collection":[{"href":"https:\/\/www.pomoline.com\/fr\/wp-json\/wp\/v2\/product"}],"about":[{"href":"https:\/\/www.pomoline.com\/fr\/wp-json\/wp\/v2\/types\/product"}],"wp:featuredmedia":[{"embeddable":true,"href":"https:\/\/www.pomoline.com\/fr\/wp-json\/wp\/v2\/media\/408025"}],"wp:attachment":[{"href":"https:\/\/www.pomoline.com\/fr\/wp-json\/wp\/v2\/media?parent=324313"}],"wp:term":[{"taxonomy":"product_brand","embeddable":true,"href":"https:\/\/www.pomoline.com\/fr\/wp-json\/wp\/v2\/product_brand?post=324313"},{"taxonomy":"product_cat","embeddable":true,"href":"https:\/\/www.pomoline.com\/fr\/wp-json\/wp\/v2\/product_cat?post=324313"},{"taxonomy":"product_tag","embeddable":true,"href":"https:\/\/www.pomoline.com\/fr\/wp-json\/wp\/v2\/product_tag?post=324313"}],"curies":[{"name":"wp","href":"https:\/\/api.w.org\/{rel}","templated":true}]}}