{"id":324329,"date":"2024-04-27T13:45:44","date_gmt":"2024-04-27T11:45:44","guid":{"rendered":"https:\/\/www.pomoline.com\/web-pruebas\/producto\/tirador-pomo-de-mueble-acabado-oro-para-cajon-o-puerta\/"},"modified":"2025-03-13T21:31:20","modified_gmt":"2025-03-13T20:31:20","slug":"bouton-de-meuble-dore","status":"publish","type":"product","link":"https:\/\/www.pomoline.com\/fr\/produit\/bouton-de-meuble-dore\/","title":{"rendered":"BOUTON DE MEUBLE DOR\u00c9"},"content":{"rendered":"<p>Boutons en laiton vieilli et argent\u00e9 pour meubles rustiques et tiroirs d&rsquo;\u00e9poque. Ils sont tr\u00e8s attrayants pour les maisons avec une atmosph\u00e8re classique. Ce mod\u00e8le particulier est le MOD 025 BRONCE bouton de meuble dor\u00e9<\/p>\n","protected":false},"excerpt":{"rendered":"<p>Boutons en laiton vieilli et argent\u00e9 pour meubles rustiques et tiroirs d&rsquo;\u00e9poque. Ils sont tr\u00e8s attrayants pour les maisons avec une atmosph\u00e8re classique. Ce mod\u00e8le particulier est le MOD 025 BRONCE bouton de meuble dor\u00e9<\/p>\n","protected":false},"featured_media":408009,"template":"","meta":{"_joinchat":[]},"product_brand":[],"product_cat":[971,5189],"product_tag":[],"class_list":{"0":"post-324329","1":"product","2":"type-product","3":"status-publish","4":"has-post-thumbnail","6":"product_cat-boutons-tiroir-meuble-metal-classique","7":"product_cat-boutons-et-poignees-tiroir-meuble","8":"pa_color-laiton-brosse-poignees-boutons-pieds-meuble-portamanteaux-mur-porte","9":"pa_color-or-poignees-boutons-pieds-meuble-portamanteaux-mur-porte","10":"pa_tendencia-boutons-rond-en-metal-pour-meuble","12":"first","13":"instock","14":"taxable","15":"shipping-taxable","16":"purchasable","17":"product-type-variable","18":"has-default-attributes","19":"wvs-archive-product-wrapper"},"_links":{"self":[{"href":"https:\/\/www.pomoline.com\/fr\/wp-json\/wp\/v2\/product\/324329","targetHints":{"allow":["GET"]}}],"collection":[{"href":"https:\/\/www.pomoline.com\/fr\/wp-json\/wp\/v2\/product"}],"about":[{"href":"https:\/\/www.pomoline.com\/fr\/wp-json\/wp\/v2\/types\/product"}],"wp:featuredmedia":[{"embeddable":true,"href":"https:\/\/www.pomoline.com\/fr\/wp-json\/wp\/v2\/media\/408009"}],"wp:attachment":[{"href":"https:\/\/www.pomoline.com\/fr\/wp-json\/wp\/v2\/media?parent=324329"}],"wp:term":[{"taxonomy":"product_brand","embeddable":true,"href":"https:\/\/www.pomoline.com\/fr\/wp-json\/wp\/v2\/product_brand?post=324329"},{"taxonomy":"product_cat","embeddable":true,"href":"https:\/\/www.pomoline.com\/fr\/wp-json\/wp\/v2\/product_cat?post=324329"},{"taxonomy":"product_tag","embeddable":true,"href":"https:\/\/www.pomoline.com\/fr\/wp-json\/wp\/v2\/product_tag?post=324329"}],"curies":[{"name":"wp","href":"https:\/\/api.w.org\/{rel}","templated":true}]}}