{"id":324341,"date":"2024-04-27T13:46:03","date_gmt":"2024-04-27T11:46:03","guid":{"rendered":"https:\/\/www.pomoline.com\/web-pruebas\/producto\/tirador-24mm-pomo-de-mueble-acabado-niquel-cepillado-para-cajon-puerta\/"},"modified":"2025-03-13T21:30:25","modified_gmt":"2025-03-13T20:30:25","slug":"bouton-de-porte-meuble-boule-platine-nickel-brosse","status":"publish","type":"product","link":"https:\/\/www.pomoline.com\/fr\/produit\/bouton-de-porte-meuble-boule-platine-nickel-brosse\/","title":{"rendered":"BOUTON DE PORTE MEUBLE BOULE\/PLATINE NICKEL BROSS\u00c9"},"content":{"rendered":"<p>Boutons en m\u00e9tal chrom\u00e9 pour tiroirs de meubles modernes. Nous avons beaucoup de formes et pouvons \u00eatre mont\u00e9s sur des portes d&rsquo;armoires. Ce mod\u00e8le particulier est le MOD 024 bouton de porte meuble boule\/platine nickel bross\u00e9<\/p>\n","protected":false},"excerpt":{"rendered":"<p>Boutons en m\u00e9tal chrom\u00e9 pour tiroirs de meubles modernes. Nous avons beaucoup de formes et pouvons \u00eatre mont\u00e9s sur des portes d&rsquo;armoires. Ce mod\u00e8le particulier est le MOD 024 bouton de porte meuble boule\/platine nickel bross\u00e9<\/p>\n","protected":false},"featured_media":407996,"template":"","meta":{"_joinchat":[]},"product_brand":[],"product_cat":[963,5189],"product_tag":[],"class_list":{"0":"post-324341","1":"product","2":"type-product","3":"status-publish","4":"has-post-thumbnail","6":"product_cat-poignees-de-meubles","7":"product_cat-boutons-et-poignees-tiroir-meuble","8":"pa_color-chrome-mat-poignees-boutons-pieds-meuble-portamanteaux-mur-porte","9":"pa_color-nickel-brosse-poignees-boutons-pieds-meuble-portamanteaux-mur-porte","10":"pa_tendencia-bouton-balle-tiroir-meuble","12":"first","13":"instock","14":"taxable","15":"shipping-taxable","16":"purchasable","17":"product-type-variable","18":"has-default-attributes","19":"wvs-archive-product-wrapper"},"_links":{"self":[{"href":"https:\/\/www.pomoline.com\/fr\/wp-json\/wp\/v2\/product\/324341","targetHints":{"allow":["GET"]}}],"collection":[{"href":"https:\/\/www.pomoline.com\/fr\/wp-json\/wp\/v2\/product"}],"about":[{"href":"https:\/\/www.pomoline.com\/fr\/wp-json\/wp\/v2\/types\/product"}],"wp:featuredmedia":[{"embeddable":true,"href":"https:\/\/www.pomoline.com\/fr\/wp-json\/wp\/v2\/media\/407996"}],"wp:attachment":[{"href":"https:\/\/www.pomoline.com\/fr\/wp-json\/wp\/v2\/media?parent=324341"}],"wp:term":[{"taxonomy":"product_brand","embeddable":true,"href":"https:\/\/www.pomoline.com\/fr\/wp-json\/wp\/v2\/product_brand?post=324341"},{"taxonomy":"product_cat","embeddable":true,"href":"https:\/\/www.pomoline.com\/fr\/wp-json\/wp\/v2\/product_cat?post=324341"},{"taxonomy":"product_tag","embeddable":true,"href":"https:\/\/www.pomoline.com\/fr\/wp-json\/wp\/v2\/product_tag?post=324341"}],"curies":[{"name":"wp","href":"https:\/\/api.w.org\/{rel}","templated":true}]}}